{"id":25,"date":"2023-01-14T18:12:22","date_gmt":"2023-01-14T18:12:22","guid":{"rendered":"https:\/\/medycyna-estetyczna.net\/index.php\/blizny\/"},"modified":"2025-07-29T09:14:12","modified_gmt":"2025-07-29T09:14:12","slug":"blizny","status":"publish","type":"page","link":"https:\/\/medycyna-estetyczna.net\/index.php\/blizny\/","title":{"rendered":"Blizny"},"content":{"rendered":"<div class=\"\" style=\"\" >\n    \n    <section class=\"u-clearfix u-color-scheme-u11 u-color-style-multicolor-1 u-section-2\" id=\"sec-6349\">\n      <div class=\"u-clearfix u-sheet u-valign-middle-lg u-sheet-1\">\n        <div class=\"u-clearfix u-expanded-width u-layout-wrap u-layout-wrap-1\">\n          <div class=\"u-layout\">\n            <div class=\"u-layout-row\">\n              <div class=\"u-container-style u-layout-cell u-left-cell u-size-40-md u-size-40-sm u-size-40-xs u-size-44-lg u-size-46-xl u-layout-cell-1\">\n                <div class=\"u-container-layout u-container-layout-1\">\n                  <h3 class=\"u-align-left u-text u-text-palette-3-base u-text-1\" data-animation-name=\"customAnimationIn\" data-animation-duration=\"2000\">Blizny potr\u0105dzikowe i pourazowe - zanikowe i przeros\u0142e<\/h3>\n                  <p class=\"u-align-justify u-text u-text-2\"> W przypadku blizny potr\u0105dzikowych i pourazowych - zanikowych i przeros\u0142ych w ramach leczenia stosujemy m.in. zabiegi wykonywane laserem CO<span style=\"font-size: 0.75rem;\">2<\/span> frakcyjno - ablacyjnych, osoczem bogatop\u0142ytkowym, laserem tulowo - erbowym oraz nanofat i kom\u00f3rkami macierzystymi.<br>Podczas bezp\u0142atnej konsultacji tworzymy z pacjentem plan leczenia. \n                  <\/p>\n                <\/div>\n              <\/div>\n              <div class=\"u-align-left u-container-style u-layout-cell u-right-cell u-size-14-xl u-size-16-lg u-size-20-md u-size-20-sm u-size-20-xs u-layout-cell-2\">\n                <div class=\"u-container-layout u-container-layout-2\">\n                  <a href=\"https:\/\/medycyna-estetyczna.net\/index.php\/laser-frakcyjny\/\" class=\"u-border-none u-btn u-btn-round u-button-style u-hover-palette-3-base u-palette-1-base u-radius-15 u-btn-1\" data-animation-name=\"customAnimationIn\" data-animation-duration=\"1000\" data-animation-delay=\"750\">laser  co<span style=\"font-size: 0.625rem;\">2<\/span>\n                    <br>Frakcyjny Ablacyjny<br>\n                  <\/a>\n                  <a href=\"https:\/\/medycyna-estetyczna.net\/index.php\/laser-tulowo-erbowy\/\" class=\"u-border-none u-btn u-btn-round u-button-style u-hover-palette-3-base u-palette-1-base u-radius-15 u-btn-2\" data-animation-name=\"customAnimationIn\" data-animation-duration=\"1000\" data-animation-delay=\"750\">LaSER TULOWO - ERBOWY<\/a>\n                  <a href=\"https:\/\/medycyna-estetyczna.net\/index.php\/nanofat\/\" class=\"u-border-none u-btn u-btn-round u-button-style u-hover-palette-3-base u-palette-1-base u-radius-15 u-btn-3\" data-animation-name=\"customAnimationIn\" data-animation-duration=\"1000\" data-animation-delay=\"1500\">Nanofat i kom\u00f3rki<br>macierzyste\n                  <\/a>\n                  <a href=\"https:\/\/medycyna-estetyczna.net\/index.php\/osocze-bogatoplytkowe\/\" class=\"u-border-none u-btn u-btn-round u-button-style u-hover-palette-3-base u-palette-1-base u-radius-15 u-btn-4\" data-animation-name=\"customAnimationIn\" data-animation-duration=\"1000\" data-animation-delay=\"1500\">Osocze<br>bogatop\u0142ytkowe\n                  <\/a>\n                <\/div>\n              <\/div>\n            <\/div>\n          <\/div>\n        <\/div>\n      <\/div>\n    <\/section>\n    \n    \n    \n  \n<\/div>","protected":false},"excerpt":{"rendered":"<p>Blizny potr\u0105dzikowe i pourazowe &#8211; zanikowe i przeros\u0142e W przypadku blizny potr\u0105dzikowych i pourazowych &#8211; zanikowych i przeros\u0142ych w ramach leczenia stosujemy m.in. zabiegi wykonywane laserem CO2 frakcyjno &#8211; ablacyjnych, osoczem bogatop\u0142ytkowym, laserem tulowo &#8211; erbowym oraz nanofat i kom\u00f3rkami macierzystymi.Podczas bezp\u0142atnej konsultacji tworzymy z pacjentem plan leczenia. laser co2 Frakcyjny Ablacyjny LaSER TULOWO -&hellip; <a class=\"more-link\" href=\"https:\/\/medycyna-estetyczna.net\/index.php\/blizny\/\">Czytaj dalej <span class=\"screen-reader-text\">Blizny<\/span><\/a><\/p>\n","protected":false},"author":1,"featured_media":0,"parent":0,"menu_order":5,"comment_status":"closed","ping_status":"closed","template":"","meta":{"_monsterinsights_skip_tracking":false,"_monsterinsights_sitenote_active":false,"_monsterinsights_sitenote_note":"","_monsterinsights_sitenote_category":0,"footnotes":""},"class_list":["post-25","page","type-page","status-publish","hentry","entry"],"_links":{"self":[{"href":"https:\/\/medycyna-estetyczna.net\/index.php\/wp-json\/wp\/v2\/pages\/25","targetHints":{"allow":["GET"]}}],"collection":[{"href":"https:\/\/medycyna-estetyczna.net\/index.php\/wp-json\/wp\/v2\/pages"}],"about":[{"href":"https:\/\/medycyna-estetyczna.net\/index.php\/wp-json\/wp\/v2\/types\/page"}],"author":[{"embeddable":true,"href":"https:\/\/medycyna-estetyczna.net\/index.php\/wp-json\/wp\/v2\/users\/1"}],"replies":[{"embeddable":true,"href":"https:\/\/medycyna-estetyczna.net\/index.php\/wp-json\/wp\/v2\/comments?post=25"}],"version-history":[{"count":6,"href":"https:\/\/medycyna-estetyczna.net\/index.php\/wp-json\/wp\/v2\/pages\/25\/revisions"}],"predecessor-version":[{"id":556,"href":"https:\/\/medycyna-estetyczna.net\/index.php\/wp-json\/wp\/v2\/pages\/25\/revisions\/556"}],"wp:attachment":[{"href":"https:\/\/medycyna-estetyczna.net\/index.php\/wp-json\/wp\/v2\/media?parent=25"}],"curies":[{"name":"wp","href":"https:\/\/api.w.org\/{rel}","templated":true}]}}