{"id":28,"date":"2023-01-14T18:12:25","date_gmt":"2023-01-14T18:12:25","guid":{"rendered":"https:\/\/medycyna-estetyczna.net\/index.php\/brodawki\/"},"modified":"2025-01-23T18:26:02","modified_gmt":"2025-01-23T18:26:02","slug":"brodawki","status":"publish","type":"page","link":"https:\/\/medycyna-estetyczna.net\/index.php\/brodawki\/","title":{"rendered":"Brodawki"},"content":{"rendered":"<div class=\"\" style=\"\" >\n    \n    <section class=\"u-clearfix u-color-scheme-u11 u-color-style-multicolor-1 u-section-2\" id=\"sec-6349\">\n      <div class=\"u-clearfix u-sheet u-valign-middle u-sheet-1\">\n        <div class=\"u-clearfix u-expanded-width u-layout-wrap u-layout-wrap-1\">\n          <div class=\"u-layout\">\n            <div class=\"u-layout-row\">\n              <div class=\"u-align-center-sm u-align-center-xs u-container-style u-layout-cell u-left-cell u-size-46 u-layout-cell-1\">\n                <div class=\"u-container-layout u-container-layout-1\">\n                  <h3 class=\"u-align-left u-text u-text-palette-3-base u-text-1\" data-animation-name=\"customAnimationIn\" data-animation-duration=\"2000\">Brodawki<\/h3>\n                  <p class=\"u-align-justify u-text u-text-2\"> W przypadku brodawek d\u0142oni i st\u00f3p w ramach leczenia stosujemy m.in. zabiegi laserem CO<span style=\"font-size: 0.875rem;\">2<\/span> frakcyjnym ablacyjnym.&nbsp;<br>Podczas bezp\u0142atnej konsultacji tworzymy z pacjentem plan leczenia. \n                  <\/p>\n                <\/div>\n              <\/div>\n              <div class=\"u-align-left u-container-style u-layout-cell u-right-cell u-size-14 u-layout-cell-2\">\n                <div class=\"u-container-layout u-valign-middle u-container-layout-2\">\n                  <a href=\"https:\/\/medycyna-estetyczna.net\/index.php\/laserowe-usuwanie-zmian\/\" class=\"u-border-none u-btn u-btn-round u-button-style u-hover-palette-3-base u-palette-1-base u-radius-15 u-btn-1\" data-animation-name=\"customAnimationIn\" data-animation-duration=\"1000\" data-animation-delay=\"750\">laserOWE&nbsp;<br>USUWANIE ZMIAN<br>\n                  <\/a>\n                <\/div>\n              <\/div>\n            <\/div>\n          <\/div>\n        <\/div>\n      <\/div>\n    <\/section>\n    \n    \n  \n<\/div>","protected":false},"excerpt":{"rendered":"<p>Brodawki W przypadku brodawek d\u0142oni i st\u00f3p w ramach leczenia stosujemy m.in. zabiegi laserem CO2 frakcyjnym ablacyjnym.&nbsp;Podczas bezp\u0142atnej konsultacji tworzymy z pacjentem plan leczenia. laserOWE&nbsp;USUWANIE ZMIAN<\/p>\n","protected":false},"author":1,"featured_media":0,"parent":0,"menu_order":8,"comment_status":"closed","ping_status":"closed","template":"","meta":{"_monsterinsights_skip_tracking":false,"_monsterinsights_sitenote_active":false,"_monsterinsights_sitenote_note":"","_monsterinsights_sitenote_category":0,"footnotes":""},"class_list":["post-28","page","type-page","status-publish","hentry","entry"],"_links":{"self":[{"href":"https:\/\/medycyna-estetyczna.net\/index.php\/wp-json\/wp\/v2\/pages\/28","targetHints":{"allow":["GET"]}}],"collection":[{"href":"https:\/\/medycyna-estetyczna.net\/index.php\/wp-json\/wp\/v2\/pages"}],"about":[{"href":"https:\/\/medycyna-estetyczna.net\/index.php\/wp-json\/wp\/v2\/types\/page"}],"author":[{"embeddable":true,"href":"https:\/\/medycyna-estetyczna.net\/index.php\/wp-json\/wp\/v2\/users\/1"}],"replies":[{"embeddable":true,"href":"https:\/\/medycyna-estetyczna.net\/index.php\/wp-json\/wp\/v2\/comments?post=28"}],"version-history":[{"count":5,"href":"https:\/\/medycyna-estetyczna.net\/index.php\/wp-json\/wp\/v2\/pages\/28\/revisions"}],"predecessor-version":[{"id":419,"href":"https:\/\/medycyna-estetyczna.net\/index.php\/wp-json\/wp\/v2\/pages\/28\/revisions\/419"}],"wp:attachment":[{"href":"https:\/\/medycyna-estetyczna.net\/index.php\/wp-json\/wp\/v2\/media?parent=28"}],"curies":[{"name":"wp","href":"https:\/\/api.w.org\/{rel}","templated":true}]}}