{"id":31,"date":"2023-01-14T18:12:28","date_gmt":"2023-01-14T18:12:28","guid":{"rendered":"https:\/\/medycyna-estetyczna.net\/index.php\/migrena\/"},"modified":"2023-03-28T15:07:59","modified_gmt":"2023-03-28T15:07:59","slug":"migrena","status":"publish","type":"page","link":"https:\/\/medycyna-estetyczna.net\/index.php\/migrena\/","title":{"rendered":"migrena"},"content":{"rendered":"<div class=\"\" style=\"\" >\n    \n    <section class=\"u-clearfix u-color-scheme-u11 u-color-style-multicolor-1 u-section-2\" id=\"sec-6349\">\n      <div class=\"u-clearfix u-sheet u-sheet-1\">\n        <div class=\"u-clearfix u-expanded-width-xs u-layout-wrap u-layout-wrap-1\">\n          <div class=\"u-layout\">\n            <div class=\"u-layout-row\">\n              <div class=\"u-align-center-sm u-align-center-xs u-align-left-xl u-container-style u-layout-cell u-left-cell u-size-46 u-layout-cell-1\">\n                <div class=\"u-container-layout u-container-layout-1\">\n                  <h3 class=\"u-align-left-lg u-align-left-md u-align-left-sm u-align-left-xs u-text u-text-default u-text-palette-3-base u-text-1\" data-animation-name=\"customAnimationIn\" data-animation-duration=\"2000\">Migrena, w tym migrena Guyron'a<\/h3>\n                  <p class=\"u-align-justify-lg u-align-justify-md u-align-justify-sm u-align-justify-xs u-text u-text-2\"> W przypadku migreny, w tym migreny Guyron'a w ramach leczenia stosujemy m.in. toksyn\u0119 botulinow\u0105.&nbsp;<br>Podczas bezp\u0142atnej konsultacji tworzymy z pacjentem indywidualny plan leczenia. \n                  <\/p>\n                <\/div>\n              <\/div>\n              <div class=\"u-align-left u-container-style u-layout-cell u-right-cell u-size-14 u-layout-cell-2\">\n                <div class=\"u-container-layout u-valign-bottom-sm u-valign-middle-lg u-valign-middle-md u-valign-middle-xl u-valign-middle-xs u-container-layout-2\">\n                  <a href=\"https:\/\/medycyna-estetyczna.net\/index.php\/botoks\/\" class=\"u-btn u-btn-round u-button-style u-hover-palette-1-dark-1 u-palette-1-base u-radius-15 u-btn-1\" data-animation-name=\"customAnimationIn\" data-animation-duration=\"1000\">BOTOKS&nbsp;<br>(toksyna botulinowa) \n                  <\/a>\n                <\/div>\n              <\/div>\n            <\/div>\n          <\/div>\n        <\/div>\n      <\/div>\n    <\/section>\n    \n    \n  \n<\/div>","protected":false},"excerpt":{"rendered":"<p>Migrena, w tym migrena Guyron&#8217;a W przypadku migreny, w tym migreny Guyron&#8217;a w ramach leczenia stosujemy m.in. toksyn\u0119 botulinow\u0105.&nbsp;Podczas bezp\u0142atnej konsultacji tworzymy z pacjentem indywidualny plan leczenia. BOTOKS&nbsp;(toksyna botulinowa)<\/p>\n","protected":false},"author":1,"featured_media":0,"parent":0,"menu_order":11,"comment_status":"closed","ping_status":"closed","template":"","meta":{"_monsterinsights_skip_tracking":false,"_monsterinsights_sitenote_active":false,"_monsterinsights_sitenote_note":"","_monsterinsights_sitenote_category":0,"footnotes":""},"class_list":["post-31","page","type-page","status-publish","hentry","entry"],"_links":{"self":[{"href":"https:\/\/medycyna-estetyczna.net\/index.php\/wp-json\/wp\/v2\/pages\/31","targetHints":{"allow":["GET"]}}],"collection":[{"href":"https:\/\/medycyna-estetyczna.net\/index.php\/wp-json\/wp\/v2\/pages"}],"about":[{"href":"https:\/\/medycyna-estetyczna.net\/index.php\/wp-json\/wp\/v2\/types\/page"}],"author":[{"embeddable":true,"href":"https:\/\/medycyna-estetyczna.net\/index.php\/wp-json\/wp\/v2\/users\/1"}],"replies":[{"embeddable":true,"href":"https:\/\/medycyna-estetyczna.net\/index.php\/wp-json\/wp\/v2\/comments?post=31"}],"version-history":[{"count":2,"href":"https:\/\/medycyna-estetyczna.net\/index.php\/wp-json\/wp\/v2\/pages\/31\/revisions"}],"predecessor-version":[{"id":167,"href":"https:\/\/medycyna-estetyczna.net\/index.php\/wp-json\/wp\/v2\/pages\/31\/revisions\/167"}],"wp:attachment":[{"href":"https:\/\/medycyna-estetyczna.net\/index.php\/wp-json\/wp\/v2\/media?parent=31"}],"curies":[{"name":"wp","href":"https:\/\/api.w.org\/{rel}","templated":true}]}}