{"id":33,"date":"2023-01-14T18:12:30","date_gmt":"2023-01-14T18:12:30","guid":{"rendered":"https:\/\/medycyna-estetyczna.net\/index.php\/rozstepy\/"},"modified":"2026-03-24T12:02:39","modified_gmt":"2026-03-24T12:02:39","slug":"rozstepy","status":"publish","type":"page","link":"https:\/\/medycyna-estetyczna.net\/index.php\/rozstepy\/","title":{"rendered":"rozst\u0119py"},"content":{"rendered":"<div class=\"\" style=\"\" >\n    \n    <section class=\"u-clearfix u-color-scheme-u11 u-color-style-multicolor-1 u-section-2\" id=\"sec-6349\">\n      <div class=\"u-clearfix u-sheet u-valign-middle u-sheet-1\">\n        <div class=\"u-clearfix u-expanded-width u-layout-wrap u-layout-wrap-1\">\n          <div class=\"u-layout\">\n            <div class=\"u-layout-row\">\n              <div class=\"u-container-style u-layout-cell u-left-cell u-size-37-md u-size-37-sm u-size-37-xs u-size-41-lg u-size-45-xl u-layout-cell-1\">\n                <div class=\"u-container-layout u-container-layout-1\">\n                  <h3 class=\"u-align-left u-text u-text-default u-text-palette-3-base u-text-1\" data-animation-name=\"customAnimationIn\" data-animation-duration=\"2000\">Rozst\u200b\u0119py<\/h3>\n                  <p class=\"u-align-justify u-text u-text-2\"> W przypadku rozst\u0119p\u00f3w w ramach leczenia stosujemy m.in. zabiegi wykonywane laserem BBL, laserem CO2 frakcyjnym ablacyjnym, laserem tulowo - erbowym, osoczem bogatop\u0142ytkowym, mezoterapie ig\u0142owe, nici PDO oraz nanofat i kom\u00f3rkami macierzystymi.<br>Podczas bezp\u0142atnej konsultacji tworzymy z pacjentem plan leczenia. \n                  <\/p>\n                <\/div>\n              <\/div>\n              <div class=\"u-align-left u-container-style u-layout-cell u-right-cell u-size-15-xl u-size-19-lg u-size-23-md u-size-23-sm u-size-23-xs u-layout-cell-2\">\n                <div class=\"u-container-layout u-container-layout-2\">\n                  <a href=\"https:\/\/medycyna-estetyczna.net\/index.php\/laser-bbl\/\" class=\"u-border-none u-btn u-btn-round u-button-style u-hover-palette-3-base u-palette-1-base u-radius-15 u-btn-1\" data-animation-name=\"customAnimationIn\" data-animation-duration=\"1000\" data-animation-delay=\"750\">Laser BBL<\/a>\n                  <a href=\"https:\/\/medycyna-estetyczna.net\/index.php\/laser-frakcyjny\/\" class=\"u-border-none u-btn u-btn-round u-button-style u-hover-palette-3-base u-palette-1-base u-radius-15 u-btn-2\" data-animation-name=\"customAnimationIn\" data-animation-duration=\"1000\" data-animation-direction=\"Left\" data-animation-delay=\"750\">laser  co<span style=\"font-size: 0.625rem;\">2<\/span>\n                    <br>Frakcyjno - Ablacyjny<br>\n                  <\/a>\n                  <a href=\"https:\/\/medycyna-estetyczna.net\/index.php\/laser-tulowo-erbowy\/\" class=\"u-border-none u-btn u-btn-round u-button-style u-hover-palette-3-base u-palette-1-base u-radius-15 u-btn-3\" data-animation-name=\"customAnimationIn\" data-animation-duration=\"1000\" data-animation-direction=\"Left\" data-animation-delay=\"750\">LASER TULOWO - ERBOWY<\/a>\n                  <a href=\"https:\/\/medycyna-estetyczna.net\/index.php\/mezoterapia-iglowa\/\" class=\"u-border-none u-btn u-btn-round u-button-style u-hover-palette-3-base u-palette-1-base u-radius-15 u-btn-4\" data-animation-name=\"customAnimationIn\" data-animation-duration=\"1000\" data-animation-delay=\"2250\">Mezoterapia ig\u0142owa<\/a>\n                  <a href=\"https:\/\/medycyna-estetyczna.net\/index.php\/nanofat\/\" class=\"u-border-none u-btn u-btn-round u-button-style u-hover-palette-3-base u-palette-1-base u-radius-15 u-btn-5\" data-animation-name=\"customAnimationIn\" data-animation-duration=\"1000\" data-animation-delay=\"1500\">Nanofat i kom\u00f3rki<br>macierzyste\n                  <\/a>\n                  <a href=\"https:\/\/medycyna-estetyczna.net\/index.php\/nici-rewitalizujace\/\" class=\"u-border-none u-btn u-btn-round u-button-style u-hover-palette-3-base u-palette-1-base u-radius-15 u-btn-6\" data-animation-name=\"customAnimationIn\" data-animation-duration=\"1000\" data-animation-delay=\"3000\">nici rewitalizuj\u0105ce&nbsp;<br>(pdo, plla) \n                  <\/a>\n                  <a href=\"https:\/\/medycyna-estetyczna.net\/index.php\/osocze-bogatoplytkowe\/\" class=\"u-border-none u-btn u-btn-round u-button-style u-hover-palette-3-base u-palette-1-base u-radius-15 u-btn-7\" data-animation-name=\"customAnimationIn\" data-animation-duration=\"1000\" data-animation-direction=\"Left\" data-animation-delay=\"1500\">Osocze bogatop\u0142ytkowe<\/a>\n                <\/div>\n              <\/div>\n            <\/div>\n          <\/div>\n        <\/div>\n      <\/div>\n    <\/section>\n    \n    \n    \n  \n<\/div>","protected":false},"excerpt":{"rendered":"<p>Rozst\u200b\u0119py W przypadku rozst\u0119p\u00f3w w ramach leczenia stosujemy m.in. zabiegi wykonywane laserem BBL, laserem CO2 frakcyjnym ablacyjnym, laserem tulowo &#8211; erbowym, osoczem bogatop\u0142ytkowym, mezoterapie ig\u0142owe, nici PDO oraz nanofat i kom\u00f3rkami macierzystymi.Podczas bezp\u0142atnej konsultacji tworzymy z pacjentem plan leczenia. Laser BBL laser co2 Frakcyjno &#8211; Ablacyjny LASER TULOWO &#8211; ERBOWY Mezoterapia ig\u0142owa Nanofat i kom\u00f3rkimacierzyste&hellip; <a class=\"more-link\" href=\"https:\/\/medycyna-estetyczna.net\/index.php\/rozstepy\/\">Czytaj dalej <span class=\"screen-reader-text\">rozst\u0119py<\/span><\/a><\/p>\n","protected":false},"author":1,"featured_media":0,"parent":0,"menu_order":13,"comment_status":"closed","ping_status":"closed","template":"","meta":{"_monsterinsights_skip_tracking":false,"_monsterinsights_sitenote_active":false,"_monsterinsights_sitenote_note":"","_monsterinsights_sitenote_category":0,"footnotes":""},"class_list":["post-33","page","type-page","status-publish","hentry","entry"],"_links":{"self":[{"href":"https:\/\/medycyna-estetyczna.net\/index.php\/wp-json\/wp\/v2\/pages\/33","targetHints":{"allow":["GET"]}}],"collection":[{"href":"https:\/\/medycyna-estetyczna.net\/index.php\/wp-json\/wp\/v2\/pages"}],"about":[{"href":"https:\/\/medycyna-estetyczna.net\/index.php\/wp-json\/wp\/v2\/types\/page"}],"author":[{"embeddable":true,"href":"https:\/\/medycyna-estetyczna.net\/index.php\/wp-json\/wp\/v2\/users\/1"}],"replies":[{"embeddable":true,"href":"https:\/\/medycyna-estetyczna.net\/index.php\/wp-json\/wp\/v2\/comments?post=33"}],"version-history":[{"count":5,"href":"https:\/\/medycyna-estetyczna.net\/index.php\/wp-json\/wp\/v2\/pages\/33\/revisions"}],"predecessor-version":[{"id":628,"href":"https:\/\/medycyna-estetyczna.net\/index.php\/wp-json\/wp\/v2\/pages\/33\/revisions\/628"}],"wp:attachment":[{"href":"https:\/\/medycyna-estetyczna.net\/index.php\/wp-json\/wp\/v2\/media?parent=33"}],"curies":[{"name":"wp","href":"https:\/\/api.w.org\/{rel}","templated":true}]}}