{"id":34,"date":"2023-01-14T18:12:31","date_gmt":"2023-01-14T18:12:31","guid":{"rendered":"https:\/\/medycyna-estetyczna.net\/index.php\/o-nas\/"},"modified":"2025-11-26T20:04:55","modified_gmt":"2025-11-26T20:04:55","slug":"o-nas","status":"publish","type":"page","link":"https:\/\/medycyna-estetyczna.net\/index.php\/o-nas\/","title":{"rendered":"O nas"},"content":{"rendered":"<div class=\"\" style=\"\" >\n    \n    <section class=\"u-align-center u-clearfix u-section-2\" id=\"sec-8582\">\n      <div class=\"u-clearfix u-sheet u-valign-middle u-sheet-1\">\n        <h1 class=\"u-text u-text-default u-text-palette-3-base u-text-1\" data-animation-name=\"customAnimationIn\" data-animation-duration=\"2000\">Zesp\u200b\u00f3\u0142<\/h1>\n      <\/div>\n    <\/section>\n    <section class=\"u-align-left u-clearfix u-section-3\" id=\"sec-f0e8\">\n      <div class=\"u-clearfix u-sheet u-sheet-1\">\n        <p class=\"u-align-justify u-text u-text-1\" data-animation-name=\"customAnimationIn\" data-animation-duration=\"2000\">\n          <span class=\"u-text-palette-3-base\">\n            <span style=\"font-weight: 700;\"><\/span><b>Dr med. Jolanta Hreczecha<\/b>&nbsp;\n          <\/span>- otolaryngolog, lekarz medycyny estetyczno - naprawczej (KOD 028), anatom, otolaryngolog. Absolwentka Wydzia\u0142u Lekarskiego Akademii Medycznej w\nGda\u0144sku. Uzyska\u0142a stopie\u0144 doktora nauk medycznych i specjalizacj\u0119 z\notolaryngologii. Wieloletni adiunkt Zak\u0142adu Anatomii Klinicznej Gda\u0144skiego\nUniwersytetu Medycznego. Laureatka Amicus Studentis dla najlepszego nauczyciela\nakademickiego. Absolwentka Podyplomowej Szko\u0142y Medycyny Estetycznej Polskiego\nTowarzystwa Lekarskiego w Warszawie. Systematycznie poszerza swoj\u0105 wiedz\u0119 podczas specjalistycznych kurs\u00f3w oraz konferencjach naukowych.&nbsp;<br>Po wprowadzeniu umiej\u0119tno\u015bci medycyna estetyczno - naprawcza (KOD 028) na podstawie rozporz\u0105dzenia Ministra Zdrowia w sprawie umiej\u0119tno\u015bci zawodowych lekarzy i lekarzy dentyst\u00f3w z dn. 23.06.2023 r. (Dz.U. poz. 1189) zda\u0142a pierwszy w Polsce egzamin w ramach certyfikacji wy\u017cej wymienionej umiej\u0119tno\u015bci zorganizowany przez Polskie Towarzystwo Medycyny Estetycznej i Anti Aging.<br>W swoim dorobku ma ponad trzydzie\u015bci prac\noryginalnych w recenzowanych pismach medycznych, w tym z listy filadelfijskiej.\nCz\u0142onek Polskiego Towarzystwa Anatomicznego, European Federation for\nExperimental Morphology (EFEM), International Federation of Anatomical\nAssociations (IFAA), Polskiego Towarzystwa Antropologicznego, Polskiego\nTowarzystwa Otolaryngolog\u00f3w Chirurg\u00f3w G\u0142owy i Szyi oraz Polskiego Towarzystwa\nMedycyny Estetycznej i Anti Aging (cz\u0142onka Mi\u0119dzynarodowej Unii Medycyny\nEstetycznej).<br>\n          <br>\n          <br>\n          <br>\n          <br>\n          <br>\n        <\/p>\n        <img decoding=\"async\" class=\"u-expanded-width-md u-expanded-width-sm u-expanded-width-xs u-image u-image-default u-image-1\" src=\"https:\/\/medycyna-estetyczna.net\/wp-content\/uploads\/2025\/11\/20251126_202401-1.jpg\" alt=\"\" data-image-width=\"1918\" data-image-height=\"1349\">\n        <p class=\"u-align-justify u-text u-text-2\" data-animation-name=\"customAnimationIn\" data-animation-duration=\"2000\">\n          <span class=\"u-text-palette-3-base\">\n            <span style=\"font-weight: 700;\"><\/span><b>Dr med. Magdalena Skwarek<\/b>\n          <\/span>&nbsp;- specjalista diagnostyki laboratoryjnej, lekarz medycyny estetyczno - naprawczej (KOD 028). Uko\u0144czy\u0142a Wydzia\u0142 Lekarski Akademii Medycznej w Gda\u0144sku oraz Mi\u0119dzyuczelniany\nWydzia\u0142 Biotechnologii Akademii Medycznej w Gda\u0144sku i Uniwersytetu Gda\u0144skiego,\nuzyska\u0142a stopie\u0144 doktora nauk medycznych i specjalizacj\u0119 z diagnostyki\nlaboratoryjnej. W swoim dorobku ma ponad trzydzie\u015bci prac oryginalnych w\nrecenzowanych pismach medycznych w tym z listy filadelfijskiej. By\u0142a\nnauczycielem akademickim w Akademii Medycznej w Gda\u0144sku oraz w Akademii\nWychowania Fizycznego i Sportu w Gda\u0144sku. Absolwentka Podyplomowej Szko\u0142y\nMedycyny Estetycznej Polskiego Towarzystwa Lekarskiego w Warszawie.&nbsp;<br>Po wprowadzeniu umiej\u0119tno\u015bci medycyna estetyczno - naprawcza (KOD 028) na podstawie rozporz\u0105dzenia Ministra Zdrowia w sprawie umiej\u0119tno\u015bci zawodowych lekarzy i lekarzy dentyst\u00f3w z dn. 23.06.2023 r. (Dz.U. poz. 1189) zda\u0142a pierwszy w Polsce egzamin w ramach certyfikacji wy\u017cej wymienionej umiej\u0119tno\u015bci zorganizowany przez Polskie Towarzystwo Medycyny Estetycznej i Anti Aging.<br>Cz\u0142onek\nPolskiego Towarzystwa Anatomicznego, European Federation for Experimental\nMorphology (EFEM), International Federation of Anatomical Associations (IFAA),\nPolskiego Towarzystwa Antropologicznego, Polskiego Towarzystwa Diagnostyki\nLaboratoryjnej oraz Polskiego Towarzystwa Medycyny Estetycznej i Anti Aging\n(cz\u0142onka Mi\u0119dzynarodowej Unii Medycyny Estetycznej).<br>\n          <br>\n        <\/p>\n        <img decoding=\"async\" class=\"u-expanded-width-md u-expanded-width-sm u-expanded-width-xs u-image u-image-default u-image-2\" src=\"https:\/\/medycyna-estetyczna.net\/wp-content\/uploads\/2025\/11\/20251126_202957.jpg\" alt=\"\" data-image-width=\"1967\" data-image-height=\"1365\">\n        <img decoding=\"async\" class=\"u-expanded-width-md u-expanded-width-sm u-expanded-width-xs u-image u-image-default u-image-3\" src=\"https:\/\/medycyna-estetyczna.net\/wp-content\/uploads\/2025\/11\/kongres2025-scaled.jpg\" alt=\"\" data-image-width=\"2560\" data-image-height=\"1837\">\n        <p class=\"u-align-justify u-text u-text-3\" data-animation-name=\"customAnimationIn\" data-animation-duration=\"2000\">\n          <span class=\"u-text-palette-3-base\" style=\"font-weight: 700;\"> mgr in\u017c.&nbsp;<\/span><b>\n            <span class=\"u-text-palette-3-base\">Aleksandra Leja<\/span>\n            <span style=\"font-weight: 400;\">\u2013 manager gabinetu,&nbsp;<\/span><\/b>uzyska\u0142a\ntytu\u0142 magistra in\u017cyniera na Wydziale Zarz\u0105dzania i Ekonomii Politechniki\nGda\u0144skiej oraz magistra psychologii na SWPS Uniwersytecie\nHumanistycznospo\u0142ecznym. W czasie swojej drogi zawodowej pracowa\u0142a w sektorze\npozarz\u0105dowym, administracji publicznej oraz biznesie, zawsze zajmuj\u0105c si\u0119\ntematyk\u0105 szeroko poj\u0119tej koordynacji projekt\u00f3w i pozyskiwania \u015brodk\u00f3w.<br>\n          <br>\n        <\/p>\n      <\/div>\n    <\/section>\n    \n    \n    \n  \n<\/div>","protected":false},"excerpt":{"rendered":"<p>Zesp\u200b\u00f3\u0142 Dr med. Jolanta Hreczecha&nbsp; &#8211; otolaryngolog, lekarz medycyny estetyczno &#8211; naprawczej (KOD 028), anatom, otolaryngolog. Absolwentka Wydzia\u0142u Lekarskiego Akademii Medycznej w Gda\u0144sku. Uzyska\u0142a stopie\u0144 doktora nauk medycznych i specjalizacj\u0119 z otolaryngologii. Wieloletni adiunkt Zak\u0142adu Anatomii Klinicznej Gda\u0144skiego Uniwersytetu Medycznego. Laureatka Amicus Studentis dla najlepszego nauczyciela akademickiego. Absolwentka Podyplomowej Szko\u0142y Medycyny Estetycznej Polskiego Towarzystwa Lekarskiego&hellip; <a class=\"more-link\" href=\"https:\/\/medycyna-estetyczna.net\/index.php\/o-nas\/\">Czytaj dalej <span class=\"screen-reader-text\">O nas<\/span><\/a><\/p>\n","protected":false},"author":1,"featured_media":0,"parent":0,"menu_order":14,"comment_status":"closed","ping_status":"closed","template":"","meta":{"_monsterinsights_skip_tracking":false,"_monsterinsights_sitenote_active":false,"_monsterinsights_sitenote_note":"","_monsterinsights_sitenote_category":0,"footnotes":""},"class_list":["post-34","page","type-page","status-publish","hentry","entry"],"_links":{"self":[{"href":"https:\/\/medycyna-estetyczna.net\/index.php\/wp-json\/wp\/v2\/pages\/34","targetHints":{"allow":["GET"]}}],"collection":[{"href":"https:\/\/medycyna-estetyczna.net\/index.php\/wp-json\/wp\/v2\/pages"}],"about":[{"href":"https:\/\/medycyna-estetyczna.net\/index.php\/wp-json\/wp\/v2\/types\/page"}],"author":[{"embeddable":true,"href":"https:\/\/medycyna-estetyczna.net\/index.php\/wp-json\/wp\/v2\/users\/1"}],"replies":[{"embeddable":true,"href":"https:\/\/medycyna-estetyczna.net\/index.php\/wp-json\/wp\/v2\/comments?post=34"}],"version-history":[{"count":12,"href":"https:\/\/medycyna-estetyczna.net\/index.php\/wp-json\/wp\/v2\/pages\/34\/revisions"}],"predecessor-version":[{"id":576,"href":"https:\/\/medycyna-estetyczna.net\/index.php\/wp-json\/wp\/v2\/pages\/34\/revisions\/576"}],"wp:attachment":[{"href":"https:\/\/medycyna-estetyczna.net\/index.php\/wp-json\/wp\/v2\/media?parent=34"}],"curies":[{"name":"wp","href":"https:\/\/api.w.org\/{rel}","templated":true}]}}