{"id":35,"date":"2023-01-14T18:12:32","date_gmt":"2023-01-14T18:12:32","guid":{"rendered":"https:\/\/medycyna-estetyczna.net\/index.php\/naczynka\/"},"modified":"2026-03-24T11:53:28","modified_gmt":"2026-03-24T11:53:28","slug":"naczynka","status":"publish","type":"page","link":"https:\/\/medycyna-estetyczna.net\/index.php\/naczynka\/","title":{"rendered":"naczynka"},"content":{"rendered":"<div class=\"\" style=\"\" >\n    \n    <section class=\"u-clearfix u-color-scheme-u11 u-color-style-multicolor-1 u-section-2\" id=\"sec-6349\">\n      <div class=\"u-clearfix u-sheet u-valign-middle-md u-valign-middle-xs u-sheet-1\">\n        <div class=\"u-clearfix u-expanded-width u-gutter-0 u-layout-wrap u-layout-wrap-1\">\n          <div class=\"u-layout\">\n            <div class=\"u-layout-row\">\n              <div class=\"u-align-center-sm u-align-center-xs u-container-style u-layout-cell u-left-cell u-size-36-md u-size-36-sm u-size-36-xs u-size-42-lg u-size-45-xl u-layout-cell-1\">\n                <div class=\"u-container-layout u-container-layout-1\">\n                  <h3 class=\"u-align-left u-text u-text-palette-3-base u-text-1\" data-animation-name=\"customAnimationIn\" data-animation-duration=\"2000\">Naczynka<\/h3>\n                  <p class=\"u-align-justify u-text u-text-2\"> W przypadku naczynek w ramach leczenia stosujemy laserem bbl oraz zabiegi wykonywane ig\u0142\u0105 diatermiczn\u0105.&nbsp;<br>Podczas bezp\u0142atnej konsultacji tworzymy z pacjentem plan leczenia. \n                  <\/p>\n                <\/div>\n              <\/div>\n              <div class=\"u-align-left u-container-style u-layout-cell u-right-cell u-size-15-xl u-size-18-lg u-size-24-md u-size-24-sm u-size-24-xs u-layout-cell-2\">\n                <div class=\"u-container-layout u-valign-top-sm u-container-layout-2\">\n                  <a href=\"https:\/\/medycyna-estetyczna.net\/index.php\/laser-bbl\/\" class=\"u-border-none u-btn u-btn-round u-button-style u-hover-palette-3-base u-palette-1-base u-radius-15 u-btn-1\" data-animation-name=\"customAnimationIn\" data-animation-duration=\"1000\" data-animation-delay=\"750\">Laser BBL<\/a>\n                  <a href=\"https:\/\/medycyna-estetyczna.net\/index.php\/zabiegi-igla-diatermiczna\/\" class=\"u-border-none u-btn u-btn-round u-button-style u-hover-palette-3-base u-palette-1-base u-radius-15 u-btn-2\" data-animation-name=\"customAnimationIn\" data-animation-duration=\"1000\" data-animation-delay=\"750\">zabiegi&nbsp;<br>Ig\u0142\u0105 diatermiczn\u0105 \n                  <\/a>\n                <\/div>\n              <\/div>\n            <\/div>\n          <\/div>\n        <\/div>\n      <\/div>\n    <\/section>\n    \n    \n    \n  \n<\/div>","protected":false},"excerpt":{"rendered":"<p>Naczynka W przypadku naczynek w ramach leczenia stosujemy laserem bbl oraz zabiegi wykonywane ig\u0142\u0105 diatermiczn\u0105.&nbsp;Podczas bezp\u0142atnej konsultacji tworzymy z pacjentem plan leczenia. Laser BBL zabiegi&nbsp;Ig\u0142\u0105 diatermiczn\u0105<\/p>\n","protected":false},"author":1,"featured_media":0,"parent":0,"menu_order":15,"comment_status":"closed","ping_status":"closed","template":"","meta":{"_monsterinsights_skip_tracking":false,"_monsterinsights_sitenote_active":false,"_monsterinsights_sitenote_note":"","_monsterinsights_sitenote_category":0,"footnotes":""},"class_list":["post-35","page","type-page","status-publish","hentry","entry"],"_links":{"self":[{"href":"https:\/\/medycyna-estetyczna.net\/index.php\/wp-json\/wp\/v2\/pages\/35","targetHints":{"allow":["GET"]}}],"collection":[{"href":"https:\/\/medycyna-estetyczna.net\/index.php\/wp-json\/wp\/v2\/pages"}],"about":[{"href":"https:\/\/medycyna-estetyczna.net\/index.php\/wp-json\/wp\/v2\/types\/page"}],"author":[{"embeddable":true,"href":"https:\/\/medycyna-estetyczna.net\/index.php\/wp-json\/wp\/v2\/users\/1"}],"replies":[{"embeddable":true,"href":"https:\/\/medycyna-estetyczna.net\/index.php\/wp-json\/wp\/v2\/comments?post=35"}],"version-history":[{"count":3,"href":"https:\/\/medycyna-estetyczna.net\/index.php\/wp-json\/wp\/v2\/pages\/35\/revisions"}],"predecessor-version":[{"id":625,"href":"https:\/\/medycyna-estetyczna.net\/index.php\/wp-json\/wp\/v2\/pages\/35\/revisions\/625"}],"wp:attachment":[{"href":"https:\/\/medycyna-estetyczna.net\/index.php\/wp-json\/wp\/v2\/media?parent=35"}],"curies":[{"name":"wp","href":"https:\/\/api.w.org\/{rel}","templated":true}]}}