{"id":43,"date":"2023-01-14T18:12:40","date_gmt":"2023-01-14T18:12:40","guid":{"rendered":"https:\/\/medycyna-estetyczna.net\/index.php\/wskazania-zdrowotne\/"},"modified":"2025-01-23T18:30:02","modified_gmt":"2025-01-23T18:30:02","slug":"wskazania-zdrowotne","status":"publish","type":"page","link":"https:\/\/medycyna-estetyczna.net\/index.php\/wskazania-zdrowotne\/","title":{"rendered":"Wskazania zdrowotne"},"content":{"rendered":"<div class=\"\" style=\"\" >\n    \n    <section class=\"u-clearfix u-section-2\" id=\"sec-8d50\">\n      <div class=\"u-align-left u-clearfix u-sheet u-sheet-1\">\n        <a href=\"https:\/\/medycyna-estetyczna.net\/index.php\/brodawki\/\" class=\"u-border-none u-btn u-btn-round u-button-style u-hover-palette-3-base u-palette-1-base u-radius-15 u-btn-1\" data-animation-name=\"customAnimationIn\" data-animation-duration=\"1500\">Brodawki<\/a>\n        <a href=\"https:\/\/medycyna-estetyczna.net\/index.php\/asymetrie-twarzy\/\" class=\"u-border-none u-btn u-btn-round u-button-style u-hover-palette-3-base u-palette-1-base u-radius-15 u-btn-2\" data-animation-name=\"customAnimationIn\" data-animation-duration=\"1500\">Asymetrie&nbsp;<br>twarzy \n        <\/a>\n        <a href=\"https:\/\/medycyna-estetyczna.net\/index.php\/blizny\/\" class=\"u-border-none u-btn u-btn-round u-button-style u-hover-palette-3-base u-palette-1-base u-radius-15 u-btn-3\" data-animation-name=\"customAnimationIn\" data-animation-duration=\"1500\">Blizny<\/a>\n        <a href=\"https:\/\/medycyna-estetyczna.net\/index.php\/lysienie\/\" class=\"u-border-none u-btn u-btn-round u-button-style u-hover-palette-3-base u-palette-1-base u-radius-15 u-btn-4\" data-animation-name=\"customAnimationIn\" data-animation-duration=\"1500\">\u0141ysienie<\/a>\n        <a href=\"https:\/\/medycyna-estetyczna.net\/index.php\/bruksizm\/\" class=\"u-border-none u-btn u-btn-round u-button-style u-hover-palette-3-base u-palette-1-base u-radius-15 u-btn-5\" data-animation-name=\"customAnimationIn\" data-animation-duration=\"1500\">\n          <span style=\"font-size: 1.125rem;\"><\/span>bruksizm&nbsp;<br>\n        <\/a>\n        <a href=\"https:\/\/medycyna-estetyczna.net\/index.php\/brodawki-lojotokowe\/\" class=\"u-border-none u-btn u-btn-round u-button-style u-hover-palette-3-base u-palette-1-base u-radius-15 u-btn-6\" data-animation-name=\"customAnimationIn\" data-animation-duration=\"1500\">Brodawki&nbsp;<br>\u0142ojotokowe \n        <\/a>\n        <a href=\"https:\/\/medycyna-estetyczna.net\/index.php\/lysienie-plackowate\/\" class=\"u-border-none u-btn u-btn-round u-button-style u-hover-palette-3-base u-palette-1-base u-radius-15 u-btn-7\" data-animation-name=\"customAnimationIn\" data-animation-duration=\"1500\">\u0141ysienie&nbsp;<br>plackowate \n        <\/a>\n        <a href=\"https:\/\/medycyna-estetyczna.net\/index.php\/kriolipoliza\/\" class=\"u-border-none u-btn u-btn-round u-button-style u-hover-palette-3-base u-palette-1-base u-radius-15 u-btn-8\" data-animation-name=\"customAnimationIn\" data-animation-duration=\"1500\">Modelowanie&nbsp;<br>sylwetki\n        <\/a>\n        <a href=\"https:\/\/medycyna-estetyczna.net\/index.php\/migrena\/\" class=\"u-border-none u-btn u-btn-round u-button-style u-hover-palette-3-base u-palette-1-base u-radius-15 u-btn-9\" data-animation-name=\"customAnimationIn\" data-animation-duration=\"1500\">migrena<\/a>\n        <a href=\"https:\/\/medycyna-estetyczna.net\/index.php\/naczyniaki-rubinowe\/\" class=\"u-border-none u-btn u-btn-round u-button-style u-hover-palette-3-base u-palette-1-base u-radius-15 u-btn-10\" data-animation-name=\"customAnimationIn\" data-animation-duration=\"1500\" data-animation-direction=\"X\">NACZYNIAKI&nbsp;<br>RUBINOWE\n        <\/a>\n        <a href=\"https:\/\/medycyna-estetyczna.net\/index.php\/nadpotliwosc\/\" class=\"u-border-none u-btn u-btn-round u-button-style u-hover-palette-3-base u-palette-1-base u-radius-15 u-btn-11\" data-animation-name=\"customAnimationIn\" data-animation-duration=\"1500\">nadpotliwo\u015b\u0107<\/a>\n        <a href=\"https:\/\/medycyna-estetyczna.net\/index.php\/naczynka\/\" class=\"u-border-none u-btn u-btn-round u-button-style u-hover-palette-3-base u-palette-1-base u-radius-15 u-btn-12\" data-animation-name=\"customAnimationIn\" data-animation-duration=\"1500\">naczynka<\/a>\n        <a href=\"https:\/\/medycyna-estetyczna.net\/index.php\/przebarwienia\/\" class=\"u-border-none u-btn u-btn-round u-button-style u-hover-palette-3-base u-palette-1-base u-radius-15 u-btn-13\" data-animation-name=\"customAnimationIn\" data-animation-duration=\"1500\" data-animation-direction=\"X\">przebarwienia<\/a>\n        <a href=\"https:\/\/medycyna-estetyczna.net\/index.php\/plamy\/\" class=\"u-border-none u-btn u-btn-round u-button-style u-hover-palette-3-base u-palette-1-base u-radius-15 u-btn-14\" data-animation-name=\"customAnimationIn\" data-animation-duration=\"1500\">plamy<\/a>\n        <a href=\"https:\/\/medycyna-estetyczna.net\/index.php\/rogowacenie\/\" class=\"u-border-none u-btn u-btn-round u-button-style u-hover-palette-3-base u-palette-1-base u-radius-15 u-btn-15\" data-animation-name=\"customAnimationIn\" data-animation-duration=\"1500\">Rogowacenia<\/a>\n        <a href=\"https:\/\/medycyna-estetyczna.net\/index.php\/rozstepy\/\" class=\"u-border-none u-btn u-btn-round u-button-style u-hover-palette-3-base u-palette-1-base u-radius-15 u-btn-16\" data-animation-name=\"customAnimationIn\" data-animation-duration=\"1500\">Rozst\u0119py<\/a>\n        <a href=\"https:\/\/medycyna-estetyczna.net\/index.php\/rozszerzone-pory\/\" class=\"u-border-none u-btn u-btn-round u-button-style u-hover-palette-3-base u-palette-1-base u-radius-15 u-btn-17\" data-animation-name=\"customAnimationIn\" data-animation-duration=\"1500\" data-animation-direction=\"X\">rozszerzone&nbsp;<br>pory \n        <\/a>\n        <a href=\"https:\/\/medycyna-estetyczna.net\/index.php\/tradzik-mlodzienczy\/\" class=\"u-border-none u-btn u-btn-round u-button-style u-hover-palette-3-base u-palette-1-base u-radius-15 u-btn-18\" data-animation-name=\"customAnimationIn\" data-animation-duration=\"1500\">Tr\u0105dzik&nbsp;<br>m\u0142odzie\u0144czy \n        <\/a>\n        <a href=\"https:\/\/medycyna-estetyczna.net\/index.php\/tradzik-rozowaty\/\" class=\"u-border-none u-btn u-btn-round u-button-style u-hover-palette-3-base u-palette-1-base u-radius-15 u-btn-19\" data-animation-name=\"customAnimationIn\" data-animation-duration=\"1500\">tr\u0105dzik&nbsp;<br>r\u00f3\u017cowaty \n        <\/a>\n        <a href=\"https:\/\/medycyna-estetyczna.net\/index.php\/usmiech-dziaslowy\/\" class=\"u-border-none u-btn u-btn-round u-button-style u-hover-palette-3-base u-palette-1-base u-radius-15 u-btn-20\" data-animation-name=\"customAnimationIn\" data-animation-duration=\"1000\">U\u015aMIECH&nbsp;<br>Dzi\u0105s\u0142owy \n        <\/a>\n        <a href=\"https:\/\/medycyna-estetyczna.net\/index.php\/usuwanie-tatuazu\/\" class=\"u-border-none u-btn u-btn-round u-button-style u-hover-palette-3-base u-palette-1-base u-radius-15 u-btn-21\" data-animation-name=\"customAnimationIn\" data-animation-duration=\"1500\" data-animation-direction=\"X\">Usuwanie&nbsp;<br>Tatua\u017cy\n        <\/a>\n        <a href=\"https:\/\/medycyna-estetyczna.net\/index.php\/wlokniaki\/\" class=\"u-border-none u-btn u-btn-round u-button-style u-hover-palette-3-base u-palette-1-base u-radius-15 u-btn-22\" data-animation-name=\"customAnimationIn\" data-animation-duration=\"1500\">w\u0142\u00f3kniaki<\/a>\n        <a href=\"https:\/\/medycyna-estetyczna.net\/index.php\/zmarszczki\/\" class=\"u-border-none u-btn u-btn-round u-button-style u-hover-palette-3-base u-palette-1-base u-radius-15 u-btn-23\" data-animation-name=\"customAnimationIn\" data-animation-duration=\"1500\">zmarszczki<\/a>\n      <\/div>\n    <\/section>\n    \n    \n  \n<\/div>","protected":false},"excerpt":{"rendered":"<p>Brodawki Asymetrie&nbsp;twarzy Blizny \u0141ysienie bruksizm&nbsp; Brodawki&nbsp;\u0142ojotokowe \u0141ysienie&nbsp;plackowate Modelowanie&nbsp;sylwetki migrena NACZYNIAKI&nbsp;RUBINOWE nadpotliwo\u015b\u0107 naczynka przebarwienia plamy Rogowacenia Rozst\u0119py rozszerzone&nbsp;pory Tr\u0105dzik&nbsp;m\u0142odzie\u0144czy tr\u0105dzik&nbsp;r\u00f3\u017cowaty U\u015aMIECH&nbsp;Dzi\u0105s\u0142owy Usuwanie&nbsp;Tatua\u017cy w\u0142\u00f3kniaki zmarszczki<\/p>\n","protected":false},"author":1,"featured_media":0,"parent":0,"menu_order":23,"comment_status":"closed","ping_status":"closed","template":"","meta":{"_monsterinsights_skip_tracking":false,"_monsterinsights_sitenote_active":false,"_monsterinsights_sitenote_note":"","_monsterinsights_sitenote_category":0,"footnotes":""},"class_list":["post-43","page","type-page","status-publish","hentry","entry"],"_links":{"self":[{"href":"https:\/\/medycyna-estetyczna.net\/index.php\/wp-json\/wp\/v2\/pages\/43","targetHints":{"allow":["GET"]}}],"collection":[{"href":"https:\/\/medycyna-estetyczna.net\/index.php\/wp-json\/wp\/v2\/pages"}],"about":[{"href":"https:\/\/medycyna-estetyczna.net\/index.php\/wp-json\/wp\/v2\/types\/page"}],"author":[{"embeddable":true,"href":"https:\/\/medycyna-estetyczna.net\/index.php\/wp-json\/wp\/v2\/users\/1"}],"replies":[{"embeddable":true,"href":"https:\/\/medycyna-estetyczna.net\/index.php\/wp-json\/wp\/v2\/comments?post=43"}],"version-history":[{"count":4,"href":"https:\/\/medycyna-estetyczna.net\/index.php\/wp-json\/wp\/v2\/pages\/43\/revisions"}],"predecessor-version":[{"id":330,"href":"https:\/\/medycyna-estetyczna.net\/index.php\/wp-json\/wp\/v2\/pages\/43\/revisions\/330"}],"wp:attachment":[{"href":"https:\/\/medycyna-estetyczna.net\/index.php\/wp-json\/wp\/v2\/media?parent=43"}],"curies":[{"name":"wp","href":"https:\/\/api.w.org\/{rel}","templated":true}]}}