{"id":527,"date":"2025-07-29T08:54:54","date_gmt":"2025-07-29T08:54:54","guid":{"rendered":"https:\/\/medycyna-estetyczna.net\/?page_id=527"},"modified":"2026-02-03T19:12:28","modified_gmt":"2026-02-03T19:12:28","slug":"nanofat","status":"publish","type":"page","link":"https:\/\/medycyna-estetyczna.net\/index.php\/nanofat\/","title":{"rendered":"Lipotransfer"},"content":{"rendered":"<div class=\"\" style=\"\" >\n    \n    <section class=\"u-align-center u-clearfix u-section-2\" id=\"sec-a704\">\n      <div class=\"u-clearfix u-sheet u-sheet-1\">\n        <h1 class=\"u-align-center u-text u-text-palette-3-base u-text-1\" data-animation-name=\"customAnimationIn\" data-animation-duration=\"2000\"><b><\/b><b style=\"\"> LIPOTRANSFER I KOM\u00d3RKI MACIERZYSTE <\/b>\n        <\/h1>\n        <p class=\"u-align-justify u-text u-text-2\">Lipotransfer metod\u0105 Nano Fat to innowacyjna metoda polegaj\u0105ca na pobraniu\nw\u0142asnego t\u0142uszczu pacjenta, oczyszczeniu go&nbsp;i podaniu w miejsca, gdzie\nobserwuje si\u0119 ubytki obj\u0119to\u015bci tkanki lub zwiotczenie sk\u00f3ry. T\u0142uszcz jest\nprzetwarzany tak, aby zawiera\u0142 kom\u00f3rki macierzyste i czynniki wzrostu, kt\u00f3re\nmaj\u0105 dzia\u0142anie rewitalizuj\u0105ce.&nbsp; Niekt\u00f3re efekty zabiegu lipotransferu metod\u0105 Nano Fat\npojawiaj\u0105 si\u0119 do\u015b\u0107 szybko \u2013 po kilku dniach, inne nieco p\u00f3\u017aniej. Efekty pojawiaj\u0105ce\nsi\u0119 do\u015b\u0107 szybko to poprawa wygl\u0105du sk\u00f3ry, jej od\u017cywienia i rozja\u015bnienie, kt\u00f3re\nutrzymuje si\u0119 kilka miesi\u0119cy, efekty d\u0142ugotrwa\u0142e to poprawa ukrwienia sk\u00f3ry i\nwzrost jej grubo\u015bci, co przy odpowiedniej piel\u0119gnacji utrzymuje si\u0119 do 2 \u2013 3\nlat. Czas utrzymywania si\u0119 efekt\u00f3w zabiegu lipotransferu metod\u0105 Nano Fat mo\u017ce si\u0119 r\u00f3\u017cni\u0107 w\nzale\u017cno\u015bci od czynnik\u00f3w, takich jak indywidualna reakcja organizmu pacjenta,\nobszar poddany zabiegowi i styl \u017cycia pacjenta (np.: palenie papieros\u00f3w lub\nnadmierne opalanie si\u0119). Skuteczno\u015b\u0107 zabiegu zale\u017cy tak\u017ce od tego, ile kom\u00f3rek\nt\u0142uszczowych przetrwa przeszczepienie. Nie wszystkie kom\u00f3rki t\u0142uszczowe\nprzetrwaj\u0105, a wsp\u00f3\u0142czynnik prze\u017cycia mo\u017ce r\u00f3\u017cni\u0107 si\u0119 mi\u0119dzy pacjentami. Cz\u0119\u015b\u0107\nprzeszczepionego t\u0142uszczu ulega wch\u0142oni\u0119ciu przez organizm w pierwszych kilku\nmiesi\u0105cach po zabiegu. Jest to od 40 do 60% t\u0142uszczu. Dlatego te\u017c po oko\u0142o 3-4\nmiesi\u0105cach lekarz weryfikuje czy potrzebny kolejny zabieg.\nW niekt\u00f3rych przypadkach mo\u017ce by\u0107 konieczne przeprowadzenie\ndodatkowych zabieg\u00f3w lipotransferu metod\u0105 Nano Fat, aby osi\u0105gn\u0105\u0107 oczekiwane rezultaty, zw\u0142aszcza\nje\u015bli pacjent chce uzyska\u0107 dodatkow\u0105 obj\u0119to\u015b\u0107 lub poprawi\u0107 konkretne obszary.\nObecno\u015b\u0107 du\u017cej ilo\u015bci kom\u00f3rek macierzystych w grafcie Nano\nFat mo\u017ce by\u0107 te\u017c zastosowana jako terapia \u0142ysienia. W tym zabiegu nie dochodzi\ndo zwi\u0119kszenia obj\u0119to\u015bci sk\u00f3ry, natomiast znacznie poprawia si\u0119 ukrwienie\nmieszk\u00f3w w\u0142osowych, co prowadzi do rewitalizacji i poprawy kondycji w\u0142os\u00f3w.&nbsp; &nbsp;&nbsp;<br>Przebieg zabiegu: \nTkanka t\u0142uszczowa &nbsp;pobierana jest z wybranego obszaru cia\u0142a (np.\nbrzuch) przy pomocy kaniuli w znieczuleniu miejscowym. Nast\u0119pnie jest oczyszczana\ni poddawana obr\u00f3bce tak, aby uzyska\u0107 nanocz\u0105steczki. &nbsp;Graft kom\u00f3rek\nt\u0142uszczowych i kom\u00f3rek macierzystych jest podawany w miejsca, gdzie ma by\u0107\nzastosowany (np. twarz, szyja, d\u0142onie, dekolt, czy te\u017c sk\u00f3ra g\u0142owy w przypadku\n\u0142ysienia).<br>Zastosowania Nano Fat to przede wszystkim rewitalizacja\nsk\u00f3ry: odm\u0142odzenie i poprawa kolorytu, a tak\u017ce napi\u0119cia sk\u00f3ry oraz leczenie\nblizn i rozst\u0119p\u00f3w. W przypadku dzia\u0142ania na sk\u00f3r\u0119 g\u0142owy stymuluje mieszki\nw\u0142osowe.&nbsp; &nbsp;&nbsp;<br>Zalety lipotransferu metod\u0105 Nano Fat to przede wszystkim bezpiecze\u0144stwo, kr\u00f3tki\nokres rekonwalescencji oraz ze wzgl\u0119du na ma\u0142e grafty t\u0142uszczu \u2013 nano grafty\ndu\u017ca zdolno\u015b\u0107 przyjmowania si\u0119 przeszczep\u00f3w. Nano grafty t\u0142uszczu dzi\u0119ki swojej\nwielko\u015bci nadaj\u0105 si\u0119 do rewitalizacji bardzo cienkiej sk\u00f3ry otwieraj\u0105c now\u0105 er\u0119\nw przeciwdzia\u0142aniu procesom jej starzenia. Kom\u00f3rki macierzyste zawarte w\npodawanym materiale maj\u0105 zdolno\u015b\u0107 wielokrotnego namna\u017cania si\u0119, co powoduje wyd\u0142u\u017cony\nw czasie efekt regeneracji tkanek i przeciwdzia\u0142ania procesowi starzenia. Procedura\njest minimalnie inwazyjna, a jej efekty to naturalne i wyd\u0142u\u017cone w czasie odm\u0142odzenie\ndanego obszaru bez wra\u017cenia sztuczno\u015bci i \u201enapompowania\u201d jak te\u017c bez\nprzerysowania i nadkorekcji.&nbsp;&nbsp;<br><u>Wskazania<\/u>&nbsp; <br> \u00b7zmarszczki,<br>\u00b7bruzdy,<br> \u00b7zaburzenie\n     owalu twarzy,<br> \u00b7\u0142ysienie\n     o r\u00f3\u017cnej etiologii,<br> \u00b7poszarza\u0142a,\n     zm\u0119czona cera,<br> \u00b7wiotko\u015b\u0107,\n     utrata j\u0119drno\u015bci sk\u00f3ry.<br><u>Przeciwskazania<\/u>&nbsp;<br> \u00b7choroby\n     onkologiczne i autoimmunologiczne<br> \u00b7zaburzenia\n     uk\u0142adu krzepni\u0119cia krwi <br> \u00b7czynne\n     infekcje organizmu<br> \u00b7choroby\n     i urazy sk\u00f3ry w miejscu zabiegu<br> \u00b7opryszczka<br> \u00b7okres\n     ci\u0105\u017cy i karmienia piersi\u0105<br> \u00b7nierealne\n     oczekiwania pacjenta odno\u015bnie efektu zabiegowego;<br> \u00b7palenie\n     tytoniu.<br>\n          <br>Po zabiegu lipotransferu metod\u0105 Nano Fat pacjenci powinni przestrzega\u0107 pewnych\nwskaza\u0144 i zalece\u0144, aby maksymalnie zminimalizowa\u0107 ryzyko powik\u0142a\u0144, przyspieszy\u0107\nproces gojenia i uzyska\u0107 optymalne rezultaty. \n Unikanie\n     nacisku na obszar poddany zabiegowi.<br> NIE\n     nagrzewanie obszaru zabiegowego (kompresy rozgrzewaj\u0105ce lub sauna).<br> Zachowanie\n     higieny obszaru poddanego zabiegowi.<br> Ponadto, pacjenci powinni r\u00f3wnie\u017c natychmiast skonsultowa\u0107\nsi\u0119 z lekarzem w przypadku pojawienia si\u0119 jakichkolwiek niepokoj\u0105cych objaw\u00f3w,\ntakich jak silny b\u00f3l, zaczerwienienie, obrz\u0119k czy gor\u0105czka.&nbsp;&nbsp;<br>\n          <span style=\"text-decoration: underline !important;\">Efekty<\/span>\n          <br>\u00b7rewitalizacja\n     sk\u00f3ry,<br> \u00b7poprawa\n     kolorytu,<br> \u00b7wyg\u0142adzenie\n     zmarszczek,<br> \u00b7poprawa\n     symetrii twarzy,<br> \u00b7zag\u0119szczenie\n     w\u0142os\u00f3w.<br> Efekty pojawiaj\u0105 si\u0119 ju\u017c po 1 zabiegu, zlecane jest\nwykonanie 1-2 zabieg\u00f3w w serii co 3 \u2013 4 miesi\u0105ce&nbsp;<br>\n          <br><u>Czas trwania zabiegu<\/u>&nbsp;<br> Zabieg trwa od ok. 2 godzin, w zale\u017cno\u015bci od obszaru wykonywanego zabiegu.&nbsp;&nbsp;<u>\n            <br>\n            <br>Bolesno\u015b\u0107 zabiegu<\/u>&nbsp;<br> Zabieg jest wykonywany przy zastosowaniu znieczulenia miejscowego. Mimo tego\npacjent podczas zabiegu mo\u017ce odczuwa\u0107 dyskomfort.&nbsp;<br>\n          <br>\n          <br>\n        <\/p>\n      <\/div>\n    <\/section>\n    <section class=\"u-clearfix u-section-3\" id=\"sec-4368\">\n      <div class=\"u-clearfix u-sheet u-sheet-1\">\n        <a href=\"https:\/\/medycyna-estetyczna.net\/index.php\/cennik\/\" class=\"u-btn u-btn-round u-button-style u-hover-palette-1-light-1 u-palette-1-base u-radius-15 u-btn-1\">cennik<\/a>\n        <h1 class=\"u-align-center u-text u-text-palette-2-base u-text-1\"> LIPOTRANSFER I KOM\u00d3RKI MACIERZYSTE <\/h1>\n        <div class=\"u-expanded-width u-table u-table-responsive u-table-1\">\n          <table class=\"u-table-entity\">\n            <colgroup>\n              <col width=\"49.9%\">\n              <col width=\"50.1%\">\n            <\/colgroup>\n            <thead class=\"u-palette-4-base u-table-header u-table-header-1\">\n              <tr style=\"height: 48px;\">\n                <th class=\"u-border-1 u-border-palette-4-base u-table-cell\">Zabieg<\/th>\n                <th class=\"u-border-1 u-border-palette-4-base u-table-cell\">Cena<\/th>\n              <\/tr>\n            <\/thead>\n            <tbody class=\"u-table-body\">\n              <tr style=\"height: 74px;\">\n                <td class=\"u-border-1 u-border-grey-30 u-grey-5 u-table-cell u-table-cell-3\">Lipotransfer (Nano\nfat grafting)<\/td>\n                <td class=\"u-border-1 u-border-grey-30 u-table-cell\">od 4000 z\u0142 (cena ustalana indywidualnie)<\/td>\n              <\/tr>\n            <\/tbody>\n          <\/table>\n        <\/div>\n      <\/div>\n    <\/section>\n    \n    \n    \n  \n<\/div>","protected":false},"excerpt":{"rendered":"<p>LIPOTRANSFER I KOM\u00d3RKI MACIERZYSTE Lipotransfer metod\u0105 Nano Fat to innowacyjna metoda polegaj\u0105ca na pobraniu w\u0142asnego t\u0142uszczu pacjenta, oczyszczeniu go&nbsp;i podaniu w miejsca, gdzie obserwuje si\u0119 ubytki obj\u0119to\u015bci tkanki lub zwiotczenie sk\u00f3ry. T\u0142uszcz jest przetwarzany tak, aby zawiera\u0142 kom\u00f3rki macierzyste i czynniki wzrostu, kt\u00f3re maj\u0105 dzia\u0142anie rewitalizuj\u0105ce.&nbsp; Niekt\u00f3re efekty zabiegu lipotransferu metod\u0105 Nano Fat pojawiaj\u0105 si\u0119&hellip; <a class=\"more-link\" href=\"https:\/\/medycyna-estetyczna.net\/index.php\/nanofat\/\">Czytaj dalej <span class=\"screen-reader-text\">Lipotransfer<\/span><\/a><\/p>\n","protected":false},"author":2,"featured_media":0,"parent":0,"menu_order":0,"comment_status":"closed","ping_status":"closed","template":"","meta":{"_monsterinsights_skip_tracking":false,"_monsterinsights_sitenote_active":false,"_monsterinsights_sitenote_note":"","_monsterinsights_sitenote_category":0,"footnotes":""},"class_list":["post-527","page","type-page","status-publish","hentry","entry"],"_links":{"self":[{"href":"https:\/\/medycyna-estetyczna.net\/index.php\/wp-json\/wp\/v2\/pages\/527","targetHints":{"allow":["GET"]}}],"collection":[{"href":"https:\/\/medycyna-estetyczna.net\/index.php\/wp-json\/wp\/v2\/pages"}],"about":[{"href":"https:\/\/medycyna-estetyczna.net\/index.php\/wp-json\/wp\/v2\/types\/page"}],"author":[{"embeddable":true,"href":"https:\/\/medycyna-estetyczna.net\/index.php\/wp-json\/wp\/v2\/users\/2"}],"replies":[{"embeddable":true,"href":"https:\/\/medycyna-estetyczna.net\/index.php\/wp-json\/wp\/v2\/comments?post=527"}],"version-history":[{"count":9,"href":"https:\/\/medycyna-estetyczna.net\/index.php\/wp-json\/wp\/v2\/pages\/527\/revisions"}],"predecessor-version":[{"id":586,"href":"https:\/\/medycyna-estetyczna.net\/index.php\/wp-json\/wp\/v2\/pages\/527\/revisions\/586"}],"wp:attachment":[{"href":"https:\/\/medycyna-estetyczna.net\/index.php\/wp-json\/wp\/v2\/media?parent=527"}],"curies":[{"name":"wp","href":"https:\/\/api.w.org\/{rel}","templated":true}]}}