{"id":598,"date":"2026-03-24T11:11:51","date_gmt":"2026-03-24T11:11:51","guid":{"rendered":"https:\/\/medycyna-estetyczna.net\/?page_id=598"},"modified":"2026-03-24T11:11:51","modified_gmt":"2026-03-24T11:11:51","slug":"lipoliza-iryzynowa","status":"publish","type":"page","link":"https:\/\/medycyna-estetyczna.net\/index.php\/lipoliza-iryzynowa\/","title":{"rendered":"Lipoliza iryzynowa"},"content":{"rendered":"<div class=\"\" style=\"\" >\n    \n    <section class=\"u-align-center u-clearfix u-section-2\" id=\"sec-224e\">\n      <div class=\"u-clearfix u-sheet u-sheet-1\">\n        <h1 class=\"u-text u-text-palette-3-base u-text-1\" data-animation-name=\"customAnimationIn\" data-animation-duration=\"1000\">Lipoliza iryzynowa<\/h1>\n        <p class=\"u-align-justify-lg u-align-justify-md u-align-justify-xl u-align-left-sm u-align-left-xs u-text u-text-2\">Lipoliza iryzynowa jest\nto jedyna na \u015bwiecie medyczna procedura \u0142\u0105cz\u0105ca szeroki szok termiczny ( od \u2013\n18 do + 43 czyli 61 stopni Celsjusza) z elektromiostymulacj\u0105 (EMS) o\ncz\u0119stotliwo\u015bci 4000 Hz powoduj\u0105c\u0105 dr\u017cenie mi\u0119\u015bniowe. Lipoliza iryzynowa jest\nnieinwazyjn\u0105 procedur\u0105 pozwalaj\u0105c\u0105 modelowa\u0107 sylwetk\u0119 i podbr\u00f3dek oraz lokalne\ndepozyty tkanki t\u0142uszczowej poprzez jego miejscowe niszczenie. W trakcie\nzabiegu dochodzi do napinania sk\u00f3ry nad obszarem zabiegowym. Procedura ta jest\ndobrze udokumentowana naukowo i jest szczeg\u00f3lnie wskazana do eliminacji\nt\u0142uszczu opornego na diet\u0119 i \u0107wiczenia w obr\u0119bie niemal\u017ce ca\u0142ego cia\u0142a, ma\ntak\u017ce dzia\u0142anie antycellulitowe. Jednoczesne dzia\u0142anie EMS napinaj\u0105ce sk\u00f3r\u0119 nad\nobszarem zabiegowym w trakcie zabiegu zapobiega wiotczeniu sk\u00f3ry. Efekt zabiegu\njest cz\u0119\u015bciowo widoczny od razu, lecz ca\u0142kowity efekt ko\u0144cowy jest widoczny po\n2 tygodniach od zabiegu, gdy ca\u0142kowicie zostanie zako\u0144czona eliminacja resztek\nt\u0142uszczu i regeneracja w\u0142\u00f3kien kolagenowych w obr\u0119bie sk\u00f3ry.<br>\n          <br>Natomiast program liftinguj\u0105cy twarz i\nszyj\u0119 (wykonywany przy pomocy g\u0142owicy o innym, bardziej dopasowanym kszta\u0142cie) jest\nnaturaln\u0105 i nieinwazyjn\u0105 procedur\u0105 przeciwstarzeniow\u0105, stworzon\u0105 dla twarzy i\nszyi lub karku. Jest ona szczeg\u00f3lnie efektywna do napinania sk\u00f3ry twarzy i\npodnoszenia sk\u00f3ry szyi nadaj\u0105c nowy kszta\u0142t owalowi twarzy. Tworzy te\u017c\nd\u0142ugotrwa\u0142\u0105 g\u0142\u0119bok\u0105 biologiczn\u0105 reakcj\u0119 przez stymulacj\u0119 naturalnej produkcji\nkolagenu i elastyny. Wp\u0142ywa te\u017c na tonus systemu powi\u0119ziowego.\nProgram liftinguj\u0105cy pobudza przep\u0142yw\nnaczyniowy krwiono\u015bny i limfatyczny, co powoduje wzrost dostarczania tlenu i\nsubstancji od\u017cywczych do kom\u00f3rek. I eliminacj\u0119 produkt\u00f3w przemiany materii.\nKom\u00f3rki sk\u00f3ry s\u0105 lepiej od\u017cywione, a zatem bardziej efektywnie produkuj\u0105 w\u0142\u00f3kna\nkolagenu i elastyny. Sk\u00f3ra staje si\u0119 bardziej g\u0119sta, j\u0119drna i odzyskuje\nelastyczno\u015b\u0107. Zmarszczki naturalnie si\u0119 sp\u0142ycaj\u0105, a powierzchnia sk\u00f3ry znacznie\nsi\u0119 wyg\u0142adza. \nProgram redukuj\u0105cy podw\u00f3jny podbr\u00f3dek to\nmetoda \u0142\u0105cz\u0105ca eliminacj\u0119 t\u0142uszczu oraz napinanie sk\u00f3ry. Wizualnie widoczny\njest spadek ilo\u015bci tkanki t\u0142uszczowej i podniesienie sk\u00f3ry szyi ze zmian\u0105\nkonturu linii \u017cuchwy.\nPozosta\u0142o\u015bci martwych kom\u00f3rek t\u0142uszczowych s\u0105 usuwane przez naczynia limfatyczne podczas normalnych proces\u00f3w metabolicznych. Rekomenduje\nsi\u0119 5 sesji na dany obszar cia\u0142a.&nbsp;<br>\n          <br><u>Mechanizm dzia\u0142ania<\/u>\n          <br>\n          <br>Zmiany temperatury obejmuj\u0105ce wysokie\ntemperatury dodatnie (do +43stopni Celsjusza) , a nast\u0119pnie szybkie zej\u015bcie w\ntemperatury ujemne (do \u2013 18 stopni Celsjusza) prowadz\u0105 do kontrolowanego\nobumierania kom\u00f3rek t\u0142uszczowych (apoptozy), cz\u0119\u015bciowej zmiany \u017c\u00f3\u0142tych (w\nliteraturze anglosaskiej zwanych bia\u0142ymi) kom\u00f3rek t\u0142uszczowych w br\u0105zow\u0105 tkank\u0119\nt\u0142uszczow\u0105 (browning fat cells) oraz wydzielanie iryzyny. Czynnikiem niezb\u0119dnym\ndo jej wydzielania jest poddanie \u017c\u00f3\u0142tej tkanki t\u0142uszczowej bezpo\u015bredniemu\ndzia\u0142aniu ujemnej temperatury. Iryzyna jest hormonem wysi\u0142ku fizycznego oraz\ndreszczy, jej wydzielanie opr\u00f3cz wybitnie ujemnych temperatur dodatkowo\nstymulowane przez EMS w trakcie zabiegu. Ostatnia faza zabiegu to ponowny\nwzrost temperatury poprawiaj\u0105cy miejscowy metabolizm dzi\u0119ki natychmiastowemu\nrozszerzeniu naczy\u0144 krwiono\u015bnych i zar\u00f3wno przyspieszeniu br\u0105zowienia kom\u00f3rek\nt\u0142uszczowych, jak i efektywnym wprowadzeniu do krwioobiegu powstaj\u0105cej w zimnej\nfazie iryzyny, kt\u00f3ra jest wspieraj\u0105cym d\u0142ugowieczno\u015b\u0107 hormonem o\nwielokierunkowym dzia\u0142aniu. \nBr\u0105zowe kom\u00f3rki t\u0142uszczowe,\nwyst\u0119puj\u0105ce fizjologiczne w pierwszym okresie \u017cycia s\u0142u\u017c\u0105 do produkcji ciep\u0142a\nkosztem energii zmagazynowanej w \u017c\u00f3\u0142tych kom\u00f3rkach t\u0142uszczowych. Wytworzenie\nich z \u017c\u00f3\u0142tych kom\u00f3rek t\u0142uszczowych w trakcie zabiegu sprawia, \u017ce nawet po\nzabiegu t\u0142uszcz spala t\u0142uszcz.\nDzia\u0142anie iryzyny na mi\u0119\u015bnie powoduje\nwzrost wychwytu przez nie glukozy i lipid\u00f3w i wzrost metabolizmu lipid\u00f3w, a tak\u017ce\nspadek produkcji glukozy (glukoneogenezy) i rozpadu glikogenu (glikogenolizy).\nWp\u0142yw iryzyny na tkank\u0119 t\u0142uszczow\u0105 powoduje jej br\u0105zowienie, wzrost produkcji\nenergii, wychwytu glukozy i lipolizy. Iryzyna wp\u0142ywa pobudzaj\u0105co na wydzielanie\ntrzustkowe, a tak\u017ce na zwi\u0119kszenie regeneracji i funkcji kom\u00f3rek beta oraz\nochron\u0119 kom\u00f3rek beta przed apoptoz\u0105. Wp\u0142yw iryzyny na ko\u015bci to g\u0142\u00f3wnie\nzwi\u0119kszenie masy i si\u0142y ko\u015bci poprzez stymulacj\u0119 r\u00f3\u017cnicowania osteoblast\u00f3w i\nzmniejszanie liczby osteoklast\u00f3w. Wp\u0142yw iryzyny na m\u00f3zg to nie tylko redukcja\napetytu, ale tak\u017ce ochrona kom\u00f3rek m\u00f3zgowych (przez BDNF \u2013 neurotroficzny\nczynnik pochodzenia m\u00f3zgowego), wspomaganie prze\u017cycia kom\u00f3rek nerwowych i\nr\u00f3\u017cnicowania ich.<br> Iryzyna dzia\u0142a tak\u017ce\nna w\u0105trob\u0119 powoduj\u0105c wzrost produkcji glukozy i spadek glikogenolizy, tworzenia\nt\u0142uszcz\u00f3w, co chroni w\u0105trob\u0119 przed akumulacj\u0105 tr\u00f3jgliceryd\u00f3w. Og\u00f3lnoustrojowe\ndzia\u0142anie dzia\u0142anie polega na redukcji stanu zapalnego w organizmie. \nZabieg lipolizy iryzynowej nie tylko powoduje\neliminacj\u0119 niechcianych depozyt\u00f3w tkanki t\u0142uszczowej ale te\u017c <br>wspiera prewencj\u0119 ryzyka chor\u00f3b sercowo\nnaczyniowych, <br>zespo\u0142u metabolicznego i osteoporozy. <br>\n          <br>Zabiegi wykonuje si\u0119 w serii od 4 do 6\nz cz\u0119stotliwo\u015bci\u0105 od 2 razy w tygodniu do 1 razu na 2 tygodnie. <br>\n          <br>Czas trwania zabiegu: 40 \u2013 50 min,\nzabieg jest bezbolesny <br>\n          <br>\n          <span style=\"text-decoration: underline !important;\">Wskazania:<\/span>\n          <br><b>Cia\u0142o<\/b>\n          <br>\u00b7 Redukcja skupisk (depozyt\u00f3w) tkanki t\u0142uszczowej \u2013 ka\u017cda cz\u0119\u015b\u0107 cia\u0142a,<br> \u00b7 Redukcja cellulitu,<br> \u00b7 Napi\u0119cie sk\u00f3ry i eliminacja wiotko\u015bci \u2013 ka\u017cda cz\u0119\u015b\u0107 cia\u0142a,<br> \u00b7 Obwis\u0142e po\u015bladki,<br> \u00b7 Redukcja i napinanie nadmiaru sk\u00f3ry ramion, boczk\u00f3w,<br>\u00b7 Redukcja i napinanie nadmiaru sk\u00f3ry ud i\n     brzucha,<br>\n          <br><b>Twarz<\/b>&nbsp;<br>\u00b7 Lifting\n     twarzy,<br> \u00b7 Rozja\u015bnienie\n     sk\u00f3ry,<br> \u00b7 Dzia\u0142anie\n     przeciwzmarszczkowe,<br> \u00b7 Redukcja\n     podw\u00f3jnego podbr\u00f3dka,<br> \u00b7 Poprawa\n     owalu twarzy,<br>\n          <br><b>Slow\naging<\/b>&nbsp;<br>\u00b7 Dzia\u0142anie\n     relaksuj\u0105ce i odpr\u0119\u017caj\u0105ce mi\u0119\u015bnie,<br> \u00b7 Dotlenienie\n     mi\u0119\u015bni,<br> \u00b7 Zwi\u0119kszenie\n     metabolizmu i stymulacja poziomu endorfin,<br> \u00b7 Dzia\u0142anie\n     przeciwb\u00f3lowe,<br> \u00b7 Ostre\n     i przewlek\u0142e stany zapalne.<br>\n          <br>\n          <span style=\"text-decoration: underline !important;\">Przeciwwskazania:<\/span>\n          <br>\u00b7 Stosowanie aspiryny w dawkach powy\u017cej 150 mg\nna dob\u0119,<br>\u00b7 Stosowanie lek\u00f3w przeciwkrzepliwych,<br>\u00b7 Choroba zimnych aglutynin,<br>\u00b7Ci\u0105\u017ca, karmienie.<br>\n          <br><u>Bolesno\u015b\u0107 zabiegu<\/u>\n          <br>Zabieg jest\nniemal bezbolesny. Nie wymaga znieczulania.<br>\n          <br><u>Czas trwania\nrekonwalescencji i zalecenia pozabiegowe<\/u>\n          <br>Zabieg nie wymaga\nrekonwalescencji. W dniu zabiegu w obr\u0119bie twarzy nie nale\u017cy spo\u017cywa\u0107 alkoholu,\nwykonywa\u0107 intensywnego wysi\u0142ku fizycznego, a tak\u017ce nale\u017cy unika\u0107 r\u00f3wnie\u017c\nekspozycji na s\u0142o\u0144ce i ekstremalne temperatury.\n        <\/p>\n      <\/div>\n    <\/section>\n    <section class=\"u-align-center u-clearfix u-section-3\" id=\"sec-670f\">\n      <div class=\"u-clearfix u-sheet u-sheet-1\">\n        <a href=\"https:\/\/medycyna-estetyczna.net\/index.php\/cennik\/\" class=\"u-border-none u-btn u-btn-round u-button-style u-hover-palette-3-base u-palette-1-base u-radius-15 u-btn-1\">cennik<\/a>\n        <div class=\"u-expanded-width u-table u-table-responsive u-table-1\">\n          <table class=\"u-table-entity u-table-entity-1\">\n            <colgroup>\n              <col width=\"50.2%\">\n              <col width=\"49.8%\">\n            <\/colgroup>\n            <thead class=\"u-palette-4-base u-table-header u-table-header-1\">\n              <tr style=\"height: 46px;\">\n                <th class=\"u-border-1 u-border-palette-4-base u-palette-1-base u-table-cell u-table-cell-1\">Zabieg<\/th>\n                <th class=\"u-border-1 u-border-palette-4-base u-palette-3-base u-table-cell u-table-cell-2\">Cena<\/th>\n              <\/tr>\n            <\/thead>\n            <tbody class=\"u-table-body\">\n              <tr style=\"height: 73px;\">\n                <td class=\"u-border-1 u-border-grey-30 u-first-column u-grey-5 u-table-cell u-table-cell-3\"> 1 zabieg<\/td>\n                <td class=\"u-border-1 u-border-grey-30 u-table-cell\">600 z\u0142<\/td>\n              <\/tr>\n              <tr style=\"height: 73px;\">\n                <td class=\"u-border-1 u-border-grey-30 u-first-column u-grey-5 u-table-cell u-table-cell-5\"> 1 zabieg w serii<\/td>\n                <td class=\"u-border-1 u-border-grey-30 u-table-cell\"> 500 z\u0142<\/td>\n              <\/tr>\n            <\/tbody>\n          <\/table>\n        <\/div>\n      <\/div>\n    <\/section>\n    \n    \n    \n  \n<\/div>","protected":false},"excerpt":{"rendered":"<p>Lipoliza iryzynowa Lipoliza iryzynowa jest to jedyna na \u015bwiecie medyczna procedura \u0142\u0105cz\u0105ca szeroki szok termiczny ( od \u2013 18 do + 43 czyli 61 stopni Celsjusza) z elektromiostymulacj\u0105 (EMS) o cz\u0119stotliwo\u015bci 4000 Hz powoduj\u0105c\u0105 dr\u017cenie mi\u0119\u015bniowe. Lipoliza iryzynowa jest nieinwazyjn\u0105 procedur\u0105 pozwalaj\u0105c\u0105 modelowa\u0107 sylwetk\u0119 i podbr\u00f3dek oraz lokalne depozyty tkanki t\u0142uszczowej poprzez jego miejscowe niszczenie.&hellip; <a class=\"more-link\" href=\"https:\/\/medycyna-estetyczna.net\/index.php\/lipoliza-iryzynowa\/\">Czytaj dalej <span class=\"screen-reader-text\">Lipoliza iryzynowa<\/span><\/a><\/p>\n","protected":false},"author":2,"featured_media":0,"parent":0,"menu_order":12,"comment_status":"closed","ping_status":"closed","template":"","meta":{"_monsterinsights_skip_tracking":false,"_monsterinsights_sitenote_active":false,"_monsterinsights_sitenote_note":"","_monsterinsights_sitenote_category":0,"footnotes":""},"class_list":["post-598","page","type-page","status-publish","hentry","entry"],"_links":{"self":[{"href":"https:\/\/medycyna-estetyczna.net\/index.php\/wp-json\/wp\/v2\/pages\/598","targetHints":{"allow":["GET"]}}],"collection":[{"href":"https:\/\/medycyna-estetyczna.net\/index.php\/wp-json\/wp\/v2\/pages"}],"about":[{"href":"https:\/\/medycyna-estetyczna.net\/index.php\/wp-json\/wp\/v2\/types\/page"}],"author":[{"embeddable":true,"href":"https:\/\/medycyna-estetyczna.net\/index.php\/wp-json\/wp\/v2\/users\/2"}],"replies":[{"embeddable":true,"href":"https:\/\/medycyna-estetyczna.net\/index.php\/wp-json\/wp\/v2\/comments?post=598"}],"version-history":[{"count":7,"href":"https:\/\/medycyna-estetyczna.net\/index.php\/wp-json\/wp\/v2\/pages\/598\/revisions"}],"predecessor-version":[{"id":619,"href":"https:\/\/medycyna-estetyczna.net\/index.php\/wp-json\/wp\/v2\/pages\/598\/revisions\/619"}],"wp:attachment":[{"href":"https:\/\/medycyna-estetyczna.net\/index.php\/wp-json\/wp\/v2\/media?parent=598"}],"curies":[{"name":"wp","href":"https:\/\/api.w.org\/{rel}","templated":true}]}}