{"id":604,"date":"2026-03-24T11:11:34","date_gmt":"2026-03-24T11:11:34","guid":{"rendered":"https:\/\/medycyna-estetyczna.net\/?page_id=604"},"modified":"2026-03-24T11:11:34","modified_gmt":"2026-03-24T11:11:34","slug":"laser-bbl","status":"publish","type":"page","link":"https:\/\/medycyna-estetyczna.net\/index.php\/laser-bbl\/","title":{"rendered":"Laser BBL"},"content":{"rendered":"<div class=\"\" style=\"\" >\n    \n    <section class=\"u-align-center u-clearfix u-section-2\" id=\"sec-224e\">\n      <div class=\"u-clearfix u-sheet u-sheet-1\">\n        <h1 class=\"u-text u-text-palette-3-base u-text-1\" data-animation-name=\"customAnimationIn\" data-animation-duration=\"1000\">Laser BBL<\/h1>\n        <p class=\"u-align-justify u-text u-text-2\">Laser BBL jest to zaawansowana forma szerokopasmowej fototerapii\nwykorzystuj\u0105ca \u015bwiat\u0142o szerokopasmowe od 420 nm do 1400 nm s\u0142u\u017c\u0105ce do\nodm\u0142adzania sk\u00f3ry i leczenia r\u00f3\u017cnych problem\u00f3w dermatologicznych, takich jak\nprzebarwienia, rumie\u0144, aktywny tr\u0105dzik m\u0142odzie\u0144czy, czy utrata j\u0119drno\u015bci sk\u00f3ry,\na tak\u017ce tr\u0105dzik zask\u00f3rnikowy.&nbsp;Dzi\u0119ki wieloetapowemu dzia\u0142aniu w duchu\nterapii slow aging, laser BBL eliminuje oznaki starzenia na wszystkich\npoziomach sk\u00f3ry. Zabiegi s\u0105 szybkie i mog\u0105 trwa\u0107 zaledwie kilka minut, a ich\nefekty s\u0105 trwa\u0142e. Technologia ta pozwala na skuteczne leczenie twarzy, szyi,\ndekoltu oraz du\u017cych obszar\u00f3w cia\u0142a, takich jak plecy, nogi, ramiona czy\npo\u015bladki.\nBBL wyposa\u017cony jest w inteligentne filtry o strukturze plastra miodu,\numo\u017cliwiaj\u0105ce szerok\u0105 gam\u0119 konfigurowalnych zastosowa\u0144 terapeutycznych w jednej\ng\u0142owicy.&nbsp;<br>Zabiegi wykonuje si\u0119 w serii 3 \u2013\n5.&nbsp;<u>\n            <br>\n            <br>Przebieg zabiegu i rekonwalescencja<\/u>&nbsp;<br>\n          <br>Zabieg BBL jest procedur\u0105 nieinwazyjn\u0105, zazwyczaj nie wymagaj\u0105c\u0105\nznieczulenia ani d\u0142ugiego okresu rekonwalescencji.&nbsp;Dla wi\u0119kszego komfortu\nw naszym gabinecie stosujemy znieczulenie do wszystkich zabieg\u00f3w z wyj\u0105tkiem\nzabieg\u00f3w usuwania rumienia i naczynek, gdy\u017c \u015brodki znieczulaj\u0105ce obkurczaj\u0105\nnaczynia krwiono\u015bne uniemo\u017cliwiaj\u0105c prawid\u0142owe przeprowadzenie zabiegu.\nProcedura polega na na\u0142o\u017ceniu na sk\u00f3r\u0119 \u017celu ch\u0142odz\u0105cego. Nast\u0119pnie\nzostaje przy\u0142o\u017cona g\u0142owica urz\u0105dzenia emituj\u0105ca impulsy \u015bwiat\u0142a. Pacjent\nodczuwa delikatne ciep\u0142o lub lekkie uk\u0142ucia. Bezpo\u015brednio po zabiegu sk\u00f3ra mo\u017ce\nby\u0107 lekko zaczerwieniona lub obrz\u0119kni\u0119ta, co zazwyczaj ust\u0119puje w ci\u0105gu kilku\ngodzin do 2 dni. Przebarwienia mog\u0105 pocz\u0105tkowo \u015bciemnie\u0107, a nast\u0119pnie ulegaj\u0105\nz\u0142uszczeniu w ci\u0105gu 7-14 dni. Po zabiegu konieczne jest unikanie ekspozycji na\ns\u0142o\u0144ce przez co najmniej 2-4 tygodni i stosowanie krem\u00f3w z wysokim filtrem SPF\n50.&nbsp;&nbsp;<br>\n          <br>\n          <span style=\"text-decoration: underline !important;\">Czas trwania zabiegu<\/span>\n          <br>Od kilkunastu do 30 minut.<br>\n          <br>\n          <span style=\"text-decoration: underline !important;\">Bolesno\u015b\u0107<\/span>\n          <br>Dla wi\u0119kszego komfortu pacjenta w naszym gabinecie stosujemy znieczulenie\ndo wszystkich zabieg\u00f3w z wyj\u0105tkiem usuwania rumienia i naczynek.&nbsp;<br>\n          <br>\n          <span style=\"text-decoration: underline !important;\">Wskazania do zabiegu laserem BBL<\/span>\n          <br><b>Odm\u0142adzanie sk\u00f3ry\n     (fotoodm\u0142adzanie genowe)<\/b>: Badania naukowe, w tym te przeprowadzone na Stanford\n     University, wykaza\u0142y, \u017ce regularne zabiegi BBL przywracaj\u0105 ekspresj\u0119 gen\u00f3w\n     odpowiedzialnych za m\u0142ody wygl\u0105d sk\u00f3ry, przywracaj\u0105c kom\u00f3rkom sk\u00f3ry bardziej\n     m\u0142odzie\u0144czy profil, co op\u00f3\u017ania procesy degeneracyjne.<br><b>Zmiany\n     pigmentacyjne<\/b>: Skutecznie redukuje przebarwienia pos\u0142oneczne, plamy\n     starcze, piegi, melasm\u0119 (ostud\u0119) oraz wyr\u00f3wnuje koloryt sk\u00f3ry.<br><b>Zmiany naczyniowe<\/b>:\n     Pomaga w leczeniu rumienia, tr\u0105dzika r\u00f3\u017cowatego, rozszerzonych naczynek\n     (teleangiektazji) i tzw. paj\u0105czk\u00f3w (naczyniak\u00f3w gwia\u017adzistych).<br><b>Tr\u0105dzik<\/b>: W\n     trakcie zabiegu wykorzystuje si\u0119 jednocze\u015bnie r\u00f3\u017cne d\u0142ugo\u015bci fal \u015bwiat\u0142a\n     do leczenia aktywnego tr\u0105dziku.<br><b>Poprawa tekstury i\n     j\u0119drno\u015bci<\/b>: Stymuluje produkcj\u0119 kolagenu i elastyny, co prowadzi do\n     wyg\u0142adzenia drobnych zmarszczek, zmniejszenia por\u00f3w i poprawy napi\u0119cia\n     sk\u00f3ry.<br>\n          <br>\n          <span style=\"text-decoration: underline !important;\">Przeciwwskazania do zabiegu laserem BBL<\/span>\n          <br><b>\u015awie\u017ca opalenizna<\/b>,\n     korzystanie z solarium lub samoopalacza w ci\u0105gu 4 tygodni przed zabiegiem.<br><b>Ci\u0105\u017ca i karmienie\n     piersi\u0105<\/b>.<br><b>Przyjmowanie lek\u00f3w\n     fotouczulaj\u0105cych<\/b>, takich jak retinoidy, tetracykliny, metronidazol,\n     kwasy chemiczne czy witamina C.<br><b>Leczenie\n     izotretynoin\u0105<\/b> (do 6 miesi\u0119cy po zako\u0144czeniu terapii).<br><b>Stosowanie zi\u00f3\u0142\n     \u015bwiat\u0142ouczulaj\u0105cych<\/b>, m.in. rumianku, bratka, dziurawca, nagietka,\n     skrzypu polnego, mi\u0142orz\u0119bu japo\u0144skiego, je\u017c\u00f3wki purpurowej czy herbat\n     odchudzaj\u0105cych typu \u201cFigura\u201d. Nale\u017cy zaprzesta\u0107 ich stosowania na 2\n     tygodnie przed zabiegiem.<br><b>Fotodermatozy<\/b> (choroby sk\u00f3ry nasilaj\u0105ce si\u0119 pod wp\u0142ywem \u015bwiat\u0142a).<br><b>Nowotwory z\u0142o\u015bliwe<\/b>.<br><b style=\"\">Choroby sk\u00f3ry<\/b>,\n     takie jak bielactwo czy blaszki \u0142uszczycowe w miejscu leczenia.<br><b style=\"\">Zaburzenia\n     krzepni\u0119cia krwi<\/b>.<br><b>Sk\u0142onno\u015b\u0107 do\n     powstawania bliznowc\u00f3w (keloid\u00f3w).<\/b>\n          <br><b>Aktywne infekcje\n     sk\u00f3rne<\/b> w miejscu zabiegu (grzybicze, wirusowe, bakteryjne).<br>\n        <\/p>\n      <\/div>\n    <\/section>\n    <section class=\"u-align-center u-clearfix u-section-3\" id=\"sec-670f\">\n      <div class=\"u-clearfix u-sheet u-sheet-1\">\n        <a href=\"https:\/\/medycyna-estetyczna.net\/index.php\/cennik\/\" class=\"u-border-none u-btn u-btn-round u-button-style u-hover-palette-3-base u-palette-1-base u-radius-15 u-btn-1\">cennik<\/a>\n        <div class=\"u-expanded-width u-table u-table-responsive u-table-1\">\n          <table class=\"u-table-entity u-table-entity-1\">\n            <colgroup>\n              <col width=\"50%\">\n              <col width=\"50%\">\n            <\/colgroup>\n            <thead class=\"u-palette-4-base u-table-header u-table-header-1\">\n              <tr style=\"height: 26px;\">\n                <th class=\"u-border-1 u-border-palette-4-base u-palette-1-base u-table-cell u-table-cell-1\">Zabieg<\/th>\n                <th class=\"u-border-1 u-border-palette-4-base u-palette-3-base u-table-cell u-table-cell-2\">Cena<\/th>\n              <\/tr>\n            <\/thead>\n            <tbody class=\"u-table-body\">\n              <tr style=\"height: 55px;\">\n                <td class=\"u-border-1 u-border-grey-30 u-first-column u-grey-5 u-table-cell u-table-cell-3\"> Naczynka<br>\n                <\/td>\n                <td class=\"u-border-1 u-border-grey-30 u-table-cell\"> od 300 z\u0142<br>\n                <\/td>\n              <\/tr>\n              <tr style=\"height: 44px;\">\n                <td class=\"u-border-1 u-border-grey-30 u-first-column u-grey-5 u-table-cell u-table-cell-5\"> Twarz - 4 etapy: odm\u0142adzanie, wyr\u00f3wnanie kolorytu, rumienia, napinanie<br>\n                <\/td>\n                <td class=\"u-border-1 u-border-grey-30 u-table-cell\"> 2400 z\u0142<br>\n                <\/td>\n              <\/tr>\n              <tr style=\"height: 52px;\">\n                <td class=\"u-border-1 u-border-grey-30 u-first-column u-grey-5 u-table-cell u-table-cell-7\"> Twarz + szyja  - 4 etapy: odm\u0142adzanie, wyr\u00f3wnanie kolorytu, rumienia, napinanie<br>\n                <\/td>\n                <td class=\"u-border-1 u-border-grey-30 u-table-cell\"> 2900 z\u0142<br>\n                <\/td>\n              <\/tr>\n              <tr style=\"height: 52px;\">\n                <td class=\"u-border-1 u-border-grey-30 u-grey-5 u-table-cell u-table-cell-9\"> Twarz + szyja + dekolt - 4 etapy: odm\u0142adzanie, wyr\u00f3wnanie kolorytu, rumienia, napinanie<\/td>\n                <td class=\"u-border-1 u-border-grey-30 u-table-cell\">3400 z\u0142<\/td>\n              <\/tr>\n              <tr style=\"height: 52px;\">\n                <td class=\"u-border-1 u-border-grey-30 u-grey-5 u-table-cell u-table-cell-11\"> Odm\u0142adzanie genowe twarz lub szyja lub dekolt<\/td>\n                <td class=\"u-border-1 u-border-grey-30 u-table-cell\">1100 z\u0142<\/td>\n              <\/tr>\n              <tr style=\"height: 52px;\">\n                <td class=\"u-border-1 u-border-grey-30 u-grey-5 u-table-cell u-table-cell-13\"> Odm\u0142adzanie genowe twarz + szyja<\/td>\n                <td class=\"u-border-1 u-border-grey-30 u-table-cell\">1500 z\u0142<\/td>\n              <\/tr>\n              <tr style=\"height: 52px;\">\n                <td class=\"u-border-1 u-border-grey-30 u-grey-5 u-table-cell u-table-cell-15\"> Odm\u0142adzanie genowe twarz + szyja + dekolt<\/td>\n                <td class=\"u-border-1 u-border-grey-30 u-table-cell\">1900 z\u0142<\/td>\n              <\/tr>\n              <tr style=\"height: 52px;\">\n                <td class=\"u-border-1 u-border-grey-30 u-grey-5 u-table-cell u-table-cell-17\"> Naczynka - twarz<\/td>\n                <td class=\"u-border-1 u-border-grey-30 u-table-cell\">1100 z\u0142<\/td>\n              <\/tr>\n              <tr style=\"height: 52px;\">\n                <td class=\"u-border-1 u-border-grey-30 u-grey-5 u-table-cell u-table-cell-19\"> Naczynka - twarz + szyja<\/td>\n                <td class=\"u-border-1 u-border-grey-30 u-table-cell\">1400 z\u0142<\/td>\n              <\/tr>\n              <tr style=\"height: 52px;\">\n                <td class=\"u-border-1 u-border-grey-30 u-grey-5 u-table-cell u-table-cell-21\"> Naczynka - twarz + szyja + dekolt<\/td>\n                <td class=\"u-border-1 u-border-grey-30 u-table-cell\">1700 z\u0142<\/td>\n              <\/tr>\n              <tr style=\"height: 52px;\">\n                <td class=\"u-border-1 u-border-grey-30 u-grey-5 u-table-cell u-table-cell-23\"> Naczynka - nos<\/td>\n                <td class=\"u-border-1 u-border-grey-30 u-table-cell\">400 z\u0142<\/td>\n              <\/tr>\n              <tr style=\"height: 52px;\">\n                <td class=\"u-border-1 u-border-grey-30 u-grey-5 u-table-cell u-table-cell-25\"> Naczynka - policzki<\/td>\n                <td class=\"u-border-1 u-border-grey-30 u-table-cell\">700 z\u0142<\/td>\n              <\/tr>\n              <tr style=\"height: 52px;\">\n                <td class=\"u-border-1 u-border-grey-30 u-grey-5 u-table-cell u-table-cell-27\"> Odm\u0142adzanie genowe + rumie\u0144 twarz<\/td>\n                <td class=\"u-border-1 u-border-grey-30 u-table-cell\">1700 z\u0142<\/td>\n              <\/tr>\n              <tr style=\"height: 52px;\">\n                <td class=\"u-border-1 u-border-grey-30 u-grey-5 u-table-cell u-table-cell-29\"> Odm\u0142adzanie genowe + przebarwienia twarz<\/td>\n                <td class=\"u-border-1 u-border-grey-30 u-table-cell\">1700 z\u0142<\/td>\n              <\/tr>\n              <tr style=\"height: 52px;\">\n                <td class=\"u-border-1 u-border-grey-30 u-grey-5 u-table-cell u-table-cell-31\"> Redukcja przebarwie\u0144 twarz lub szyja lub dekolt<\/td>\n                <td class=\"u-border-1 u-border-grey-30 u-table-cell\">1100 z\u0142<\/td>\n              <\/tr>\n              <tr style=\"height: 52px;\">\n                <td class=\"u-border-1 u-border-grey-30 u-grey-5 u-table-cell u-table-cell-33\"> Redukcja przebarwie\u0144 twarz + szyja<\/td>\n                <td class=\"u-border-1 u-border-grey-30 u-table-cell\">1400 z\u0142<\/td>\n              <\/tr>\n              <tr style=\"height: 52px;\">\n                <td class=\"u-border-1 u-border-grey-30 u-grey-5 u-table-cell u-table-cell-35\">Redukcja przebarwie\u0144 twarz + szyja + dekolt<\/td>\n                <td class=\"u-border-1 u-border-grey-30 u-table-cell\">1700 z\u0142<\/td>\n              <\/tr>\n              <tr style=\"height: 52px;\">\n                <td class=\"u-border-1 u-border-grey-30 u-grey-5 u-table-cell u-table-cell-37\">Tr\u0105dzik - twarz<\/td>\n                <td class=\"u-border-1 u-border-grey-30 u-table-cell\">1100 z\u0142<\/td>\n              <\/tr>\n              <tr style=\"height: 52px;\">\n                <td class=\"u-border-1 u-border-grey-30 u-grey-5 u-table-cell u-table-cell-39\">Tr\u0105dzik - policzki<\/td>\n                <td class=\"u-border-1 u-border-grey-30 u-table-cell\">700 z\u0142<\/td>\n              <\/tr>\n              <tr style=\"height: 52px;\">\n                <td class=\"u-border-1 u-border-grey-30 u-grey-5 u-table-cell u-table-cell-41\">Tr\u0105dzik - broda i \u017cuchwa<\/td>\n                <td class=\"u-border-1 u-border-grey-30 u-table-cell\">700 z\u0142<\/td>\n              <\/tr>\n              <tr style=\"height: 52px;\">\n                <td class=\"u-border-1 u-border-grey-30 u-grey-5 u-table-cell u-table-cell-43\">Tr\u0105dzik - skronie i czo\u0142o<\/td>\n                <td class=\"u-border-1 u-border-grey-30 u-table-cell\">700 z\u0142<\/td>\n              <\/tr>\n              <tr style=\"height: 52px;\">\n                <td class=\"u-border-1 u-border-grey-30 u-grey-5 u-table-cell u-table-cell-45\">Przebarwienia - d\u0142onie&nbsp;<\/td>\n                <td class=\"u-border-1 u-border-grey-30 u-table-cell\">700 z\u0142<\/td>\n              <\/tr>\n              <tr style=\"height: 52px;\">\n                <td class=\"u-border-1 u-border-grey-30 u-grey-5 u-table-cell u-table-cell-47\">Przebarwienia i odm\u0142adzanie genowe -  d\u0142onie&nbsp;<\/td>\n                <td class=\"u-border-1 u-border-grey-30 u-table-cell\">1100 z\u0142<\/td>\n              <\/tr>\n            <\/tbody>\n          <\/table>\n        <\/div>\n      <\/div>\n    <\/section>\n    \n    \n    \n  \n<\/div>","protected":false},"excerpt":{"rendered":"<p>Laser BBL Laser BBL jest to zaawansowana forma szerokopasmowej fototerapii wykorzystuj\u0105ca \u015bwiat\u0142o szerokopasmowe od 420 nm do 1400 nm s\u0142u\u017c\u0105ce do odm\u0142adzania sk\u00f3ry i leczenia r\u00f3\u017cnych problem\u00f3w dermatologicznych, takich jak przebarwienia, rumie\u0144, aktywny tr\u0105dzik m\u0142odzie\u0144czy, czy utrata j\u0119drno\u015bci sk\u00f3ry, a tak\u017ce tr\u0105dzik zask\u00f3rnikowy.&nbsp;Dzi\u0119ki wieloetapowemu dzia\u0142aniu w duchu terapii slow aging, laser BBL eliminuje oznaki starzenia&hellip; <a class=\"more-link\" href=\"https:\/\/medycyna-estetyczna.net\/index.php\/laser-bbl\/\">Czytaj dalej <span class=\"screen-reader-text\">Laser BBL<\/span><\/a><\/p>\n","protected":false},"author":2,"featured_media":0,"parent":0,"menu_order":12,"comment_status":"closed","ping_status":"closed","template":"","meta":{"_monsterinsights_skip_tracking":false,"_monsterinsights_sitenote_active":false,"_monsterinsights_sitenote_note":"","_monsterinsights_sitenote_category":0,"footnotes":""},"class_list":["post-604","page","type-page","status-publish","hentry","entry"],"_links":{"self":[{"href":"https:\/\/medycyna-estetyczna.net\/index.php\/wp-json\/wp\/v2\/pages\/604","targetHints":{"allow":["GET"]}}],"collection":[{"href":"https:\/\/medycyna-estetyczna.net\/index.php\/wp-json\/wp\/v2\/pages"}],"about":[{"href":"https:\/\/medycyna-estetyczna.net\/index.php\/wp-json\/wp\/v2\/types\/page"}],"author":[{"embeddable":true,"href":"https:\/\/medycyna-estetyczna.net\/index.php\/wp-json\/wp\/v2\/users\/2"}],"replies":[{"embeddable":true,"href":"https:\/\/medycyna-estetyczna.net\/index.php\/wp-json\/wp\/v2\/comments?post=604"}],"version-history":[{"count":7,"href":"https:\/\/medycyna-estetyczna.net\/index.php\/wp-json\/wp\/v2\/pages\/604\/revisions"}],"predecessor-version":[{"id":618,"href":"https:\/\/medycyna-estetyczna.net\/index.php\/wp-json\/wp\/v2\/pages\/604\/revisions\/618"}],"wp:attachment":[{"href":"https:\/\/medycyna-estetyczna.net\/index.php\/wp-json\/wp\/v2\/media?parent=604"}],"curies":[{"name":"wp","href":"https:\/\/api.w.org\/{rel}","templated":true}]}}