{"id":61,"date":"2023-01-14T18:12:58","date_gmt":"2023-01-14T18:12:58","guid":{"rendered":"https:\/\/medycyna-estetyczna.net\/index.php\/nici-liftingujace\/"},"modified":"2024-11-11T14:59:56","modified_gmt":"2024-11-11T14:59:56","slug":"nici-liftingujace","status":"publish","type":"page","link":"https:\/\/medycyna-estetyczna.net\/index.php\/nici-liftingujace\/","title":{"rendered":"Nici liftinguj\u0105ce"},"content":{"rendered":"<div class=\"\" style=\"\" >\n    \n    <section class=\"u-align-center u-clearfix u-section-2\" id=\"sec-a704\">\n      <div class=\"u-clearfix u-sheet u-sheet-1\">\n        <h1 class=\"u-text u-text-palette-3-base u-text-1\" data-animation-name=\"customAnimationIn\" data-animation-duration=\"2000\">Nici liftinguj\u0105ce<\/h1>\n        <p class=\"u-align-justify u-text u-text-2\">\n          <span style=\"font-size: 1.5rem;\">Nici\nliftinguj\u0105ce wykonane s\u0105 z materia\u0142\u00f3w PDO lub PLLA, kt\u00f3re ulegaj\u0105 ca\u0142kowitemu\nwch\u0142oni\u0119ciu i dodatkowo rewitalizuj\u0105 sk\u00f3r\u0119 i pobudzaj\u0105 ja do uruchomienia\nnaturalnych proces\u00f3w regeneracyjnych. Podczas zabiegu nici liftinguj\u0105ce\nwprowadzane s\u0105 pod sk\u00f3r\u0119 w taki spos\u00f3b, aby podnie\u015b\u0107 j\u0105 i utrzyma\u0107 na\nniewielkich wypustkach lub haczykach stanowi\u0105cych ich integraln\u0105 cz\u0119\u015b\u0107.\nRodzaj\ni liczba nici u\u017cytych do zabiegu zale\u017cy od stopnia wiotko\u015bci sk\u00f3ry oraz\nokolicy, kt\u00f3ra\npoddawana\njest zabiegowi. Ni\u0107mi mo\u017cna podnosi\u0107 brwi, policzki lub podbr\u00f3dek.\nW\nprzypadku bardzo wiotkiej sk\u00f3ry zabieg ni\u0107mi liftinguj\u0105cymi nale\u017cy poprzedzi\u0107\ninnymi zabiegami rewitalizuj\u0105cymi sk\u00f3r\u0119.\nTrwa\u0142o\u015b\u0107\nefektu wynosi oko\u0142o 2 lata.&nbsp; <br><u>Czas\ntrwania zabiegu<\/u>&nbsp;<br>Zabieg trwa ok.\n1 godziny&nbsp;<br><u>Wskazania<\/u>&nbsp;<br>\u00b7lifting czo\u0142a,&nbsp;<br>\u00b7lifting policzk\u00f3w,&nbsp;<br>\u00b7lifting podbr\u00f3dka.<br><u>Przeciwskazania<\/u>&nbsp;<!--[if !supportLists]-->\n            <br>\u00b7ci\u0105\u017ca, karmienie&nbsp;<br>\u00b7infekcja og\u00f3lna&nbsp;<br>\u00b7du\u017ca wiotko\u015b\u0107 sk\u00f3ry&nbsp;<br>\u00b7zmiany nowotworowe w obszarze zabiegowym&nbsp;<br>\u00b7zaburzenia krzepni\u0119cia krwi,&nbsp;<br>\u00b7stany zapalne w obr\u0119bie obszaru zabiegowego.&nbsp;<br><u>Bolesno\u015b\u0107\nzabiegu<\/u>&nbsp;<br>Zabieg\nwykonywany w znieczuleniu miejscowym nasi\u0119kowym, jednak pacjent mo\u017ce odczuwa\u0107\ndyskomfort w zale\u017cno\u015bci od rodzaju nici i miejsca ich aplikacji&nbsp;<u>\n              <br>Czas\ntrwania rekonwalescencji<\/u>&nbsp;<br>Po\nzabiegu mog\u0105 pojawi\u0107 si\u0119 siniaki oraz pofa\u0142dowania i zaci\u0105gni\u0119cia sk\u00f3ry, kt\u00f3re\nmog\u0105 utrzymywa\u0107 si\u0119 do 2 tygodni.\n          <\/span>\n          <br>\n          <br>\n          <br>\n          <br>\n          <br>\n        <\/p>\n        <a href=\"https:\/\/medycyna-estetyczna.net\/index.php\/cennik\/\" class=\"u-btn u-btn-round u-button-style u-hover-palette-1-light-1 u-palette-1-base u-radius-15 u-btn-1\">cennik<\/a>\n      <\/div>\n    <\/section>\n    <section class=\"u-clearfix u-section-3\" id=\"sec-4368\">\n      <div class=\"u-clearfix u-sheet u-sheet-1\">\n        <div class=\"u-expanded-width u-table u-table-responsive u-table-1\">\n          <table class=\"u-table-entity\">\n            <colgroup>\n              <col width=\"50%\">\n              <col width=\"50%\">\n            <\/colgroup>\n            <thead class=\"u-palette-4-base u-table-header u-table-header-1\">\n              <tr style=\"height: 73px;\">\n                <th class=\"u-border-1 u-border-palette-4-base u-table-cell\">Zabieg<\/th>\n                <th class=\"u-border-1 u-border-palette-4-base u-table-cell\">Cena<\/th>\n              <\/tr>\n            <\/thead>\n            <tbody class=\"u-table-body\">\n              <tr style=\"height: 74px;\">\n                <td class=\"u-border-1 u-border-grey-30 u-first-column u-grey-5 u-table-cell u-table-cell-3\">Lifting brwi (8 nici)<\/td>\n                <td class=\"u-border-1 u-border-grey-30 u-table-cell\">1500 z\u0142<\/td>\n              <\/tr>\n              <tr style=\"height: 75px;\">\n                <td class=\"u-border-1 u-border-grey-30 u-first-column u-grey-5 u-table-cell u-table-cell-5\">Lifting innych okolic (w zale\u017cno\u015bci od liczby i rodzaju u\u017cytych nici)<\/td>\n                <td class=\"u-border-1 u-border-grey-30 u-table-cell\">1 ni\u0107 Double Niddle - 600 z\u0142, 1 ni\u0107 Anchorage COG 6D - 300 z\u0142<\/td>\n              <\/tr>\n            <\/tbody>\n          <\/table>\n        <\/div>\n      <\/div>\n    <\/section>\n    \n    \n  \n<\/div>","protected":false},"excerpt":{"rendered":"<p>Nici liftinguj\u0105ce Nici liftinguj\u0105ce wykonane s\u0105 z materia\u0142\u00f3w PDO lub PLLA, kt\u00f3re ulegaj\u0105 ca\u0142kowitemu wch\u0142oni\u0119ciu i dodatkowo rewitalizuj\u0105 sk\u00f3r\u0119 i pobudzaj\u0105 ja do uruchomienia naturalnych proces\u00f3w regeneracyjnych. Podczas zabiegu nici liftinguj\u0105ce wprowadzane s\u0105 pod sk\u00f3r\u0119 w taki spos\u00f3b, aby podnie\u015b\u0107 j\u0105 i utrzyma\u0107 na niewielkich wypustkach lub haczykach stanowi\u0105cych ich integraln\u0105 cz\u0119\u015b\u0107. Rodzaj i liczba&hellip; <a class=\"more-link\" href=\"https:\/\/medycyna-estetyczna.net\/index.php\/nici-liftingujace\/\">Czytaj dalej <span class=\"screen-reader-text\">Nici liftinguj\u0105ce<\/span><\/a><\/p>\n","protected":false},"author":1,"featured_media":0,"parent":0,"menu_order":41,"comment_status":"closed","ping_status":"closed","template":"","meta":{"_monsterinsights_skip_tracking":false,"_monsterinsights_sitenote_active":false,"_monsterinsights_sitenote_note":"","_monsterinsights_sitenote_category":0,"footnotes":""},"class_list":["post-61","page","type-page","status-publish","hentry","entry"],"_links":{"self":[{"href":"https:\/\/medycyna-estetyczna.net\/index.php\/wp-json\/wp\/v2\/pages\/61","targetHints":{"allow":["GET"]}}],"collection":[{"href":"https:\/\/medycyna-estetyczna.net\/index.php\/wp-json\/wp\/v2\/pages"}],"about":[{"href":"https:\/\/medycyna-estetyczna.net\/index.php\/wp-json\/wp\/v2\/types\/page"}],"author":[{"embeddable":true,"href":"https:\/\/medycyna-estetyczna.net\/index.php\/wp-json\/wp\/v2\/users\/1"}],"replies":[{"embeddable":true,"href":"https:\/\/medycyna-estetyczna.net\/index.php\/wp-json\/wp\/v2\/comments?post=61"}],"version-history":[{"count":6,"href":"https:\/\/medycyna-estetyczna.net\/index.php\/wp-json\/wp\/v2\/pages\/61\/revisions"}],"predecessor-version":[{"id":390,"href":"https:\/\/medycyna-estetyczna.net\/index.php\/wp-json\/wp\/v2\/pages\/61\/revisions\/390"}],"wp:attachment":[{"href":"https:\/\/medycyna-estetyczna.net\/index.php\/wp-json\/wp\/v2\/media?parent=61"}],"curies":[{"name":"wp","href":"https:\/\/api.w.org\/{rel}","templated":true}]}}