{"id":612,"date":"2026-03-24T11:12:10","date_gmt":"2026-03-24T11:12:10","guid":{"rendered":"https:\/\/medycyna-estetyczna.net\/?page_id=612"},"modified":"2026-03-24T11:19:09","modified_gmt":"2026-03-24T11:19:09","slug":"ems","status":"publish","type":"page","link":"https:\/\/medycyna-estetyczna.net\/index.php\/ems\/","title":{"rendered":"EMS"},"content":{"rendered":"<div class=\"\" style=\"\" >\n    \n    <section class=\"u-align-center u-clearfix u-section-2\" id=\"sec-a704\">\n      <div class=\"u-clearfix u-sheet u-sheet-1\">\n        <h1 class=\"u-align-center u-text u-text-palette-3-base u-text-1\" data-animation-name=\"customAnimationIn\" data-animation-duration=\"2000\"> ELEKTROMIOSTYMULACJA (EMS) HIFEM\/ HIEMT&nbsp;<br>PLUS FALE RADIOWE (RF) \n        <\/h1>\n        <p class=\"u-align-justify u-text u-text-2\"> ELEKTROMIOSTYMULACJA EMS HIFEM\/ HIEMT (High-Intensity Focused\nElectromagnetic Technology\/High-Intensity Electromagnetic Muscle Training) to\nzaawansowana technologia \u0142\u0105cz\u0105ca elektrostymulacj\u0119 mi\u0119\u015bni (EMS) z polem\nelektromagnetycznym o wysokiej intensywno\u015bci (HIFEM), kt\u00f3ra s\u0142u\u017cy do\nmodelowania sylwetki, budowania masy mi\u0119\u015bniowej i redukcji tkanki t\u0142uszczowej.\nTechnologia ta generuje tysi\u0105ce supramaksymalnych skurcz\u00f3w mi\u0119\u015bni, kt\u00f3re s\u0105\nniemo\u017cliwe do osi\u0105gni\u0119cia podczas zwyk\u0142ego treningu, co prowadzi do wzmocnienia\ni rozbudowy mi\u0119\u015bni oraz spalania t\u0142uszczu.&nbsp;Zabieg ten po\u0142\u0105czony jest z radiofrekwencj\u0105\n(RF), kt\u00f3ra dzia\u0142aj\u0105c g\u0142\u0119boko w sk\u00f3rze, stymuluje produkcj\u0119 kolagenu i\nelastyny, co przyczynia si\u0119 do uj\u0119drnienia sk\u00f3ry, le\u017c\u0105cej w obszarze zabiegowym.\nDodatkowo, RF podgrzewaj\u0105c podsk\u00f3rny t\u0142uszcz prowadzi do kontrolowanego zaniku kom\u00f3rek\nt\u0142uszczowych (apoptozy), czyli naturalnego procesu eliminacji nadmiaru\nt\u0142uszczu.&nbsp;&nbsp;<br>\n        <\/p>\n      <\/div>\n    <\/section>\n    <section class=\"u-clearfix u-section-3\" id=\"sec-5f0b\">\n      <div class=\"u-clearfix u-sheet u-sheet-1\">\n        <h3 class=\"u-text u-text-1\">\n          <span style=\"text-decoration: underline !important;\"> Dzia\u0142anie EMS HIFEM\/ HIEMT: <\/span>\n          <br><b>Pole magnetyczne<\/b>:\n     Urz\u0105dzenie emituje impulsy elektromagnetyczne o wysokiej intensywno\u015bci,\n     kt\u00f3re przenikaj\u0105 przez ubranie i sk\u00f3r\u0119, docieraj\u0105c do g\u0142\u0119bokich warstw\n     mi\u0119\u015bni.&nbsp;<br><b>Supramaksymalne\n     skurcze<\/b>: Impulsy wywo\u0142uj\u0105 mimowolne i bardzo intensywne skurcze\n     mi\u0119\u015bni, tzw. skurcze supramaksymalne, kt\u00f3re s\u0105 znacznie silniejsze ni\u017c te\n     osi\u0105gane podczas tradycyjnych \u0107wicze\u0144.&nbsp;<br><b>Wzrost mi\u0119\u015bni i\n     redukcja t\u0142uszczu<\/b>: W odpowiedzi na te intensywne skurcze, dochodzi do przebudowy\n     struktury mi\u0119\u015bni przez wzrost ich g\u0119sto\u015bci i obj\u0119to\u015bci, a jednocze\u015bnie\n     kom\u00f3rki t\u0142uszczowe ulegaj\u0105 rozpadowi (lipoliza).&nbsp;<br>\n          <span style=\"text-decoration: underline !important;\">Zalety<\/span>&nbsp;<br><b>Nieinwazyjno\u015b\u0107<\/b>:\n     Zabiegi s\u0105 bezbolesne, nieinwazyjne i nie wymagaj\u0105 rekonwalescencji.&nbsp;Nale\u017cy\n     jednak przestrzega\u0107 przeciwwskaza\u0144 okre\u015blanych przez lekarza.<br><b>Skuteczno\u015b\u0107<\/b>:\n     Badania kliniczne potwierdzi\u0142y wzrost masy mi\u0119\u015bniowej (\u015brednio o 16%) i\n     redukcj\u0119 tkanki t\u0142uszczowej (\u015brednio o 19%) po serii 10 zabieg\u00f3w.&nbsp;<br><b>Oszcz\u0119dno\u015b\u0107 czasu<\/b>:\n     Jeden 30-minutowy zabieg mo\u017ce odpowiada\u0107 wykonaniu 20 000 skurcz\u00f3w mi\u0119\u015bni,\n     co jest ekwiwalentem wielu godzin tradycyjnych trening\u00f3w.&nbsp;<br><b>Odbudowa kolagenu i\n     uj\u0119drnienie sk\u00f3ry nad obszarem zabiegowym<\/b>\n          <br>\n          <br>UWAGA!\nNa 2 godziny przed zabiegiem nie wolno je\u015b\u0107 obfitych posi\u0142k\u00f3w&nbsp;<br>U niekt\u00f3rych os\u00f3b po zabiegu mo\u017ce wyst\u0105pi\u0107:&nbsp;<!--[if !supportLists]-->\n          <br>\u00b7&nbsp;B\u00f3l mi\u0119\u015bni - przej\u015bciowo&nbsp;<br>\u00b7&nbsp;Skurcz mi\u0119\u015bni - przej\u015bciowo&nbsp;<br>\u00b7&nbsp;Przej\u015bciowy b\u00f3l \u015bci\u0119gien i staw\u00f3w&nbsp;<br>\u00b7 Zaczerwienienie sk\u00f3ry nad obszarem zabiegowym -\nprzej\u015bciowo&nbsp;<br>\n          <br>\n          <span style=\"text-decoration: underline !important;\">Czas trwania :&nbsp;<\/span>\n          <br>ok. 30 minut&nbsp;<br>\n          <br>\n          <span style=\"text-decoration: underline !important;\">Wskazania:&nbsp;<\/span>\n          <br>Modelowanie sylwetki: rze\u017abienie\n     mi\u0119\u015bni brzucha, po\u015bladk\u00f3w, ud i ramion.&nbsp;<br> Wzmocnienie i budowa masy\n     mi\u0119\u015bniowej w spos\u00f3b niedost\u0119pny podczas standardowego treningu\n     si\u0142owego.&nbsp;<br> Redukcja tkanki\n     t\u0142uszczowej zw\u0142aszcza w trudno dost\u0119pnych miejscach.&nbsp;<br> Rehabilitacja\n     nietrzymania moczu \u2013 wzmocnienie os\u0142abionych mi\u0119\u015bni dna miednicy (wymagane\n     badanie ginekologiczne).&nbsp;<br>\n          <br>\n          <span style=\"text-decoration: underline !important;\">Przeciwwskazania:&nbsp;<\/span>\n          <br>\u00b7&nbsp;Uszkodzenie sk\u00f3ry w miejscu zabiegu.&nbsp;<br>\u00b7&nbsp;Choroby serca: zaburzenia rytmu serca,\nszczeg\u00f3lnie obecno\u015b\u0107 kardiowertera (rozrusznika serca), stan po zawale serca.&nbsp;<br>\u00b7&nbsp;Nowotwory w trakcie leczenia.&nbsp;<br>\u00b7&nbsp;Choroby zaka\u017ane.&nbsp;<br>\u00b7&nbsp;Ci\u0105\u017ca, karmienie piersi\u0105, miesi\u0105czka.&nbsp;<br>\u00b7&nbsp;Cukrzyca typu 1.&nbsp;<br>\u00b7&nbsp;Osoby po du\u017cych operacjach w ci\u0105gu ostatnich 6\nmiesi\u0119cy.&nbsp;<br>\u00b7&nbsp;Posiadanie metalowych element\u00f3w w ciele.&nbsp;<br>\u00b7&nbsp;Osoby po udarze m\u00f3zgu.&nbsp;<br>\u00b7&nbsp;Zakrzepica.&nbsp; &nbsp;&nbsp;<br>\n          <span style=\"text-decoration: underline !important;\">Bolesno\u015b\u0107<\/span>\n          <br>Zabieg nie jest bolesny i nie wymaga rekonwalescencji.\n        <\/h3>\n      <\/div>\n    <\/section>\n    <section class=\"u-clearfix u-section-4\" id=\"sec-4368\">\n      <div class=\"u-clearfix u-sheet u-valign-middle-md u-valign-middle-sm u-valign-middle-xs u-sheet-1\">\n        <a href=\"https:\/\/medycyna-estetyczna.net\/index.php\/cennik\/\" class=\"u-btn u-btn-round u-button-style u-hover-palette-1-light-1 u-palette-1-base u-radius-15 u-btn-1\">cennik<\/a>\n        <div class=\"u-expanded-width u-table u-table-responsive u-table-1\">\n          <table class=\"u-table-entity\">\n            <colgroup>\n              <col width=\"50.5%\">\n              <col width=\"49.5%\">\n            <\/colgroup>\n            <thead class=\"u-palette-4-base u-table-header u-table-header-1\">\n              <tr style=\"height: 45px;\">\n                <th class=\"u-border-1 u-border-palette-4-base u-table-cell\">Zabieg<\/th>\n                <th class=\"u-border-1 u-border-palette-4-base u-table-cell\">Cena<\/th>\n              <\/tr>\n            <\/thead>\n            <tbody class=\"u-table-body\">\n              <tr style=\"height: 52px;\">\n                <td class=\"u-border-1 u-border-grey-30 u-first-column u-grey-5 u-table-cell u-table-cell-3\"> 1 zabieg<\/td>\n                <td class=\"u-border-1 u-border-grey-30 u-table-cell\"> 400 z\u0142<\/td>\n              <\/tr>\n              <tr style=\"height: 45px;\">\n                <td class=\"u-border-1 u-border-grey-30 u-first-column u-grey-5 u-table-cell u-table-cell-5\"> 1 zabieg w serii<\/td>\n                <td class=\"u-border-1 u-border-grey-30 u-table-cell\"> 350 z\u0142<\/td>\n              <\/tr>\n              <tr style=\"height: 45px;\">\n                <td class=\"u-border-1 u-border-grey-30 u-first-column u-grey-5 u-table-cell u-table-cell-7\"> 1 zabieg na mi\u0119\u015bnie Kegla<\/td>\n                <td class=\"u-border-1 u-border-grey-30 u-table-cell\"> 400 z\u0142<\/td>\n              <\/tr>\n              <tr style=\"height: 62px;\">\n                <td class=\"u-border-1 u-border-grey-30 u-grey-5 u-table-cell u-table-cell-9\"> 1 zabieg w serii na mi\u0119\u015bnie Kegla<\/td>\n                <td class=\"u-border-1 u-border-grey-30 u-table-cell\"> 350 z\u0142<\/td>\n              <\/tr>\n            <\/tbody>\n          <\/table>\n        <\/div>\n      <\/div>\n    <\/section>\n    \n    \n    \n  \n<\/div>","protected":false},"excerpt":{"rendered":"<p>ELEKTROMIOSTYMULACJA (EMS) HIFEM\/ HIEMT&nbsp;PLUS FALE RADIOWE (RF) ELEKTROMIOSTYMULACJA EMS HIFEM\/ HIEMT (High-Intensity Focused Electromagnetic Technology\/High-Intensity Electromagnetic Muscle Training) to zaawansowana technologia \u0142\u0105cz\u0105ca elektrostymulacj\u0119 mi\u0119\u015bni (EMS) z polem elektromagnetycznym o wysokiej intensywno\u015bci (HIFEM), kt\u00f3ra s\u0142u\u017cy do modelowania sylwetki, budowania masy mi\u0119\u015bniowej i redukcji tkanki t\u0142uszczowej. Technologia ta generuje tysi\u0105ce supramaksymalnych skurcz\u00f3w mi\u0119\u015bni, kt\u00f3re s\u0105 niemo\u017cliwe do&hellip; <a class=\"more-link\" href=\"https:\/\/medycyna-estetyczna.net\/index.php\/ems\/\">Czytaj dalej <span class=\"screen-reader-text\">EMS<\/span><\/a><\/p>\n","protected":false},"author":2,"featured_media":0,"parent":0,"menu_order":17,"comment_status":"closed","ping_status":"closed","template":"","meta":{"_monsterinsights_skip_tracking":false,"_monsterinsights_sitenote_active":false,"_monsterinsights_sitenote_note":"","_monsterinsights_sitenote_category":0,"footnotes":""},"class_list":["post-612","page","type-page","status-publish","hentry","entry"],"_links":{"self":[{"href":"https:\/\/medycyna-estetyczna.net\/index.php\/wp-json\/wp\/v2\/pages\/612","targetHints":{"allow":["GET"]}}],"collection":[{"href":"https:\/\/medycyna-estetyczna.net\/index.php\/wp-json\/wp\/v2\/pages"}],"about":[{"href":"https:\/\/medycyna-estetyczna.net\/index.php\/wp-json\/wp\/v2\/types\/page"}],"author":[{"embeddable":true,"href":"https:\/\/medycyna-estetyczna.net\/index.php\/wp-json\/wp\/v2\/users\/2"}],"replies":[{"embeddable":true,"href":"https:\/\/medycyna-estetyczna.net\/index.php\/wp-json\/wp\/v2\/comments?post=612"}],"version-history":[{"count":6,"href":"https:\/\/medycyna-estetyczna.net\/index.php\/wp-json\/wp\/v2\/pages\/612\/revisions"}],"predecessor-version":[{"id":621,"href":"https:\/\/medycyna-estetyczna.net\/index.php\/wp-json\/wp\/v2\/pages\/612\/revisions\/621"}],"wp:attachment":[{"href":"https:\/\/medycyna-estetyczna.net\/index.php\/wp-json\/wp\/v2\/media?parent=612"}],"curies":[{"name":"wp","href":"https:\/\/api.w.org\/{rel}","templated":true}]}}